{"id":1054,"date":"2022-09-05T16:11:46","date_gmt":"2022-09-05T16:11:46","guid":{"rendered":"https:\/\/www.llyrwind.com\/?page_id=1054"},"modified":"2023-06-29T09:43:27","modified_gmt":"2023-06-29T09:43:27","slug":"datganiadau-ir-wasg","status":"publish","type":"page","link":"https:\/\/www.llyrwind.com\/cy\/datganiadau-ir-wasg","title":{"rendered":"Wasg"},"content":{"rendered":"<section class='block thumbnail   hero'  style=\"background-image:url(https:\/\/www.llyrwind.com\/wp-content\/uploads\/2021\/09\/IMG_3853.jpeg)\">\n\t<div class=\"container container--wide\">\n\t\t\t\t\t<div class=\"hero--content block--content\">\n\t\t\t\t<h1>Adnoddau a Newyddion<\/h1>\n<h2>Wasg<\/h2>\n                \t\t\t<\/div>\n\t\t\t<\/div>\n\t<span class=\"motif\"><\/span>\n<\/section><section class='block text-header '>\n\t<div class=\"container\">\n\t\t\t\t\t<div class=\"text-header--header block--header\">\n\t\t\t\t<h3>Wasg<\/h3>\n<ul>\n<li><strong>Caru&#8217;r M\u00f4r Celtaidd<\/strong><\/li>\n<\/ul>\n<p>Gwahoddir plant ysgolion cynradd ledled Sir Benfro i rannu eu cariad tuag at y M\u00f4r Celtaidd drwy dynnu llun o&#8217;r hyn y mae&#8217;n ei olygu iddyn nhw.<\/p>\n<p>Mae Floventis wedi partneru \u00e2 Chanolfan Bioleg a Meddygaeth <a href=\"https:\/\/darwincentre.com\/\">Darwin<\/a> i annog plant i feddwl am y potensial sydd gan y M\u00f4r Celtaidd ar gyfer ynni adnewyddadwy ar y m\u00f4r. Bydd y llun buddugol yn cael ei ddefnyddio gan Floventis mewn deunydd marchnata ar gyfer Ll\u0177r 1 a 2 gyda&#8217;r rhai sydd wedi cyrraedd y rownd derfynol hefyd yn cael eu gwahodd i fynychu digwyddiad arbennig sy&#8217;n cael ei gynnal yn Llundain fel rhan o Wythnos Cymru yn Llundain.<\/p>\n<p>Tessa Blazey yw Cyfarwyddwr Polisi a Chysylltiadau Allanol Floventis. Meddai: &#8220;Rydym yn adeiladu ein canolfan yng Nghymru felly mae&#8217;n wych cael gweithio gyda Chanolfan Darwin ar y fenter hon. Mae annog plant ifanc i ymgysylltu \u00e2 gwyddoniaeth, technoleg, peirianneg a mathemateg (STEM) yn ffordd wych o ddatblygu eu sgiliau a&#8217;u hysbrydoli i feddwl am yr ystod eang o gyfleoedd gyrfa sydd ar gael yn y dyfodol. Rydym yn edrych ymlaen at weld eu hymagwedd greadigol tuag at yr hyn y mae&#8217;r M\u00f4r Celtaidd yn ei olygu iddyn nhw.&#8221;<\/p>\n<p>Gellir cyflwyno ceisiadau ar ffurf ddigidol i <a href=\"mailto:sara.jones@ciercoenergy.com\">sara.jones@ciercoenergy.com<\/a> . Y dyddiad cau ar gyfer ceisiadau yw 14 Chwefror 2023.<\/p>\n<ul>\n<li><strong>Mae Yst\u00e2d y Goron yn datblygu cynigion ar gyfer gwynt arnofiol yn y M\u00f4r Celtaidd, gan amlinellu cyfle 4GW<\/strong><\/li>\n<\/ul>\n<p>Mae Yst\u00e2d y Goron wedi cyhoeddi rhagor o fanylion am ei chynlluniau ar gyfer prydlesu gwynt arnofiol yn y M\u00f4r Celtaidd, gan gadarnhau ei huchelgais i ddatgloi hyd at 4GW o gapasiti ynni gl\u00e2n newydd yng Nghymru a Lloegr a helpu i sefydlu sector diwydiannol newydd ar gyfer y DU. Bydd y broses brydlesu yn darparu digon o gapasiti newydd i ddarparu p\u0175er gl\u00e2n ar gyfer bron i bedair miliwn yn fwy o gartrefi, i gefnogi targed sero net y DU, yn ogystal \u00e2 chreu cyfleoedd ar gyfer buddsoddiad newydd sylweddol mewn swyddi, sgiliau a seilwaith.<\/p>\n<p>Gweler rhagor o wybodaeth gan Yst\u00e2d y Goron <a href=\"https:\/\/m365.eu.vadesecure.com\/safeproxy\/v4?f=kW2GwNhlzDThGmUUyzia5SWWbwhxxmt5n90JmMJFPzqbZzlD26vejmGT8kbuU-h5&amp;i=_ei5rxnsmAMIbIPpy0CffTpoWHiIxCJ64OrgG5Y6OivSPnR1lBFz1Fw7W0k4Yc50ZIEBtK0h25xegxHPytFDBQ&amp;k=0d84&amp;r=zuLMjoBIIoJYehTyREffGau4W2f029QzZ1LVP4_Abi-srdF6a2yWc_esz45petee&amp;s=9465e3e117e015e61b03cb48cc897b5767e5452f8ce08605f91f323f3fa6278e&amp;u=https%3A%2F%2Fwww.thecrownestate.co.uk%2Fen-gb%2Fmedia-and-insights%2Fnews%2Fthe-crown-estate-develops-proposals-for-floating-wind-in-celtic-sea-outlining-4gw-opportunity%2F\">yma<\/a> (dyddiedig 11 Tachwedd).<\/p>\n<p><a href=\"https:\/\/www.llyrwind.com\/press-release-november-2021\/\">Darllenwch Floventis Datganiad i&#8217;r Wasg Tachwedd 2021<\/a><\/p>\n<p>&nbsp;<\/p>\n<ul>\n<li><strong><span lang=\"EN-US\">Ystad Cr<\/span><span lang=\"EN-US\"> <\/span><span lang=\"EN-US\">ei hun<\/span><span lang=\"EN-US\"> yn cyhoeddi bwriad i roi hawliau gwely&#8217;r m\u00f4r i brosiect gwynt arnofiol Llyr ar y m\u00f4r UK<\/span><\/strong><\/li>\n<\/ul>\n<p><a href=\"https:\/\/www.llyrwind.com\/press-release-july-2021\/\">Darllenwch Floventis Datganiad i&#8217;r Wasg Gorffennaf 2021<\/a><\/p>\n<p>&nbsp;<\/p>\n<p>&nbsp;<\/p>\n\t\t\t<\/div>\n\t\t\t<\/div>\n<\/section>","protected":false},"excerpt":{"rendered":"","protected":false},"author":1,"featured_media":710,"parent":0,"menu_order":0,"comment_status":"closed","ping_status":"closed","template":"","meta":{"footnotes":""},"acf":[],"yoast_head":"<!-- This site is optimized with the Yoast SEO plugin v21.6 - https:\/\/yoast.com\/wordpress\/plugins\/seo\/ -->\n<title>Wasg - Llyr<\/title>\n<meta name=\"robots\" content=\"index, follow, max-snippet:-1, max-image-preview:large, max-video-preview:-1\" \/>\n<link rel=\"canonical\" href=\"https:\/\/www.llyrwind.com\/cy\/datganiadau-ir-wasg\" \/>\n<meta property=\"og:locale\" content=\"cy_GB\" \/>\n<meta property=\"og:type\" content=\"article\" \/>\n<meta property=\"og:title\" content=\"Wasg - Llyr\" \/>\n<meta property=\"og:url\" content=\"https:\/\/www.llyrwind.com\/cy\/datganiadau-ir-wasg\" \/>\n<meta property=\"og:site_name\" content=\"Llyr\" \/>\n<meta property=\"article:modified_time\" content=\"2023-06-29T09:43:27+00:00\" \/>\n<meta property=\"og:image\" content=\"https:\/\/www.llyrwind.com\/wp-content\/uploads\/2021\/09\/IMG_3853.jpeg\" \/>\n\t<meta property=\"og:image:width\" content=\"2048\" \/>\n\t<meta property=\"og:image:height\" content=\"1536\" \/>\n\t<meta property=\"og:image:type\" content=\"image\/jpeg\" \/>\n<meta name=\"twitter:card\" content=\"summary_large_image\" \/>\n<script type=\"application\/ld+json\" class=\"yoast-schema-graph\">{\"@context\":\"https:\/\/schema.org\",\"@graph\":[{\"@type\":\"WebPage\",\"@id\":\"https:\/\/www.llyrwind.com\/cy\/datganiadau-ir-wasg\",\"url\":\"https:\/\/www.llyrwind.com\/cy\/datganiadau-ir-wasg\",\"name\":\"Wasg - Llyr\",\"isPartOf\":{\"@id\":\"https:\/\/www.llyrwind.com\/cy#website\"},\"datePublished\":\"2022-09-05T16:11:46+00:00\",\"dateModified\":\"2023-06-29T09:43:27+00:00\",\"inLanguage\":\"cy-GB\",\"potentialAction\":[{\"@type\":\"ReadAction\",\"target\":[\"https:\/\/www.llyrwind.com\/cy\/datganiadau-ir-wasg\"]}]},{\"@type\":\"WebSite\",\"@id\":\"https:\/\/www.llyrwind.com\/cy#website\",\"url\":\"https:\/\/www.llyrwind.com\/cy\",\"name\":\"Llyr\",\"description\":\"\",\"potentialAction\":[{\"@type\":\"SearchAction\",\"target\":{\"@type\":\"EntryPoint\",\"urlTemplate\":\"https:\/\/www.llyrwind.com\/cy?s={search_term_string}\"},\"query-input\":\"required name=search_term_string\"}],\"inLanguage\":\"cy-GB\"}]}<\/script>\n<!-- \/ Yoast SEO plugin. -->","yoast_head_json":{"title":"Wasg - Llyr","robots":{"index":"index","follow":"follow","max-snippet":"max-snippet:-1","max-image-preview":"max-image-preview:large","max-video-preview":"max-video-preview:-1"},"canonical":"https:\/\/www.llyrwind.com\/cy\/datganiadau-ir-wasg","og_locale":"cy_GB","og_type":"article","og_title":"Wasg - Llyr","og_url":"https:\/\/www.llyrwind.com\/cy\/datganiadau-ir-wasg","og_site_name":"Llyr","article_modified_time":"2023-06-29T09:43:27+00:00","og_image":[{"width":2048,"height":1536,"url":"https:\/\/www.llyrwind.com\/wp-content\/uploads\/2021\/09\/IMG_3853.jpeg","type":"image\/jpeg"}],"twitter_card":"summary_large_image","schema":{"@context":"https:\/\/schema.org","@graph":[{"@type":"WebPage","@id":"https:\/\/www.llyrwind.com\/cy\/datganiadau-ir-wasg","url":"https:\/\/www.llyrwind.com\/cy\/datganiadau-ir-wasg","name":"Wasg - Llyr","isPartOf":{"@id":"https:\/\/www.llyrwind.com\/cy#website"},"datePublished":"2022-09-05T16:11:46+00:00","dateModified":"2023-06-29T09:43:27+00:00","inLanguage":"cy-GB","potentialAction":[{"@type":"ReadAction","target":["https:\/\/www.llyrwind.com\/cy\/datganiadau-ir-wasg"]}]},{"@type":"WebSite","@id":"https:\/\/www.llyrwind.com\/cy#website","url":"https:\/\/www.llyrwind.com\/cy","name":"Llyr","description":"","potentialAction":[{"@type":"SearchAction","target":{"@type":"EntryPoint","urlTemplate":"https:\/\/www.llyrwind.com\/cy?s={search_term_string}"},"query-input":"required name=search_term_string"}],"inLanguage":"cy-GB"}]}},"_links":{"self":[{"href":"https:\/\/www.llyrwind.com\/cy\/wp-json\/wp\/v2\/pages\/1054"}],"collection":[{"href":"https:\/\/www.llyrwind.com\/cy\/wp-json\/wp\/v2\/pages"}],"about":[{"href":"https:\/\/www.llyrwind.com\/cy\/wp-json\/wp\/v2\/types\/page"}],"author":[{"embeddable":true,"href":"https:\/\/www.llyrwind.com\/cy\/wp-json\/wp\/v2\/users\/1"}],"replies":[{"embeddable":true,"href":"https:\/\/www.llyrwind.com\/cy\/wp-json\/wp\/v2\/comments?post=1054"}],"version-history":[{"count":6,"href":"https:\/\/www.llyrwind.com\/cy\/wp-json\/wp\/v2\/pages\/1054\/revisions"}],"predecessor-version":[{"id":3144,"href":"https:\/\/www.llyrwind.com\/cy\/wp-json\/wp\/v2\/pages\/1054\/revisions\/3144"}],"wp:featuredmedia":[{"embeddable":true,"href":"https:\/\/www.llyrwind.com\/cy\/wp-json\/wp\/v2\/media\/710"}],"wp:attachment":[{"href":"https:\/\/www.llyrwind.com\/cy\/wp-json\/wp\/v2\/media?parent=1054"}],"curies":[{"name":"wp","href":"https:\/\/api.w.org\/{rel}","templated":true}]}}