{"id":1063,"date":"2022-09-05T16:10:55","date_gmt":"2022-09-05T16:10:55","guid":{"rendered":"https:\/\/www.llyrwind.com\/?page_id=1063"},"modified":"2022-09-05T16:11:02","modified_gmt":"2022-09-05T16:11:02","slug":"cymuned","status":"publish","type":"page","link":"https:\/\/www.llyrwind.com\/cy\/cymuned","title":{"rendered":"Cymuned"},"content":{"rendered":"<section class='block thumbnail   hero'  style=\"background-image:url(https:\/\/www.llyrwind.com\/wp-content\/uploads\/2021\/08\/SBM_Office_0480_retouched.jpg)\">\n\t<div class=\"container container--wide\">\n\t\t\t\t\t<div class=\"hero--content block--content\">\n\t\t\t\t<h1>Adnoddau a Newyddion<\/h1>\n<h2>Cymuned<\/h2>\n<h2><\/h2>\n                \t\t\t<\/div>\n\t\t\t<\/div>\n\t<span class=\"motif\"><\/span>\n<\/section>\n\n<section class='block text-header  text-header--alt '>\n\t<div class=\"container\">\n\t\t\t\t\t<div class=\"text-header--header block--header\">\n\t\t\t\t<h2><span style=\"color: #000080;\">Cymuned<\/span><\/h2>\n<p>Un o nodau allweddol prosiectau Ll\u0177r yw meithrin cysylltiadau cymunedol lleol cryf o&#8217;r cychwyn cyntaf. Byddwn yn defnyddio amrywiaeth o ddulliau cyfathrebu i roi\u2019r wybodaeth ddiweddaraf i\u2019n rhanddeiliaid, gan gynnwys arddangosfeydd cyhoeddus, cylchlythyrau, y wefan bwrpasol hon, gweithdai, ymgysylltu \u00e2\u2019r cyfryngau, ymweliadau a chyflwyniadau i ysgolion a grwpiau cymunedol lleol. Byddwn hefyd yn sefydlu grwpiau cyswllt cymunedol a, lle bo&#8217;n briodol, yn cefnogi digwyddiadau lleol.<\/p>\n\t\t\t<\/div>\n\t\t\t\t\t<div class=\"text-header--content text-header--content-left block--content\">\n\t\t\t\t<h3><span style=\"color: #000080;\"><strong>Digwyddiadau Rhanddeiliaid yn y Dyfodol<\/strong><\/span><\/h3>\n<p>O ystyried y pandemig COVID-19 diweddar, bydd y prosiectau\u2019n asesu offer sydd newydd ddod i\u2019r amlwg i gynnal \u201cymgynghoriad rhithwir\u201d ystyrlon. Bydd hyn yn cynnwys darparu \u201cAEA Digidol,\u201d a fydd nid yn unig yn cynnig cyfle i atgyfnerthu ymgynghoriad AEA, ar \u00f4l y pandemig, ond a fydd hefyd yn cynnig cyfle i ymgysylltu ag ystod mor eang \u00e2 phosibl o gynulleidfa.<\/p>\n<p>Bydd t\u00eem Ll\u0177r yn cynnal cyfres o ddigwyddiadau rhanddeiliaid i egluro manylion y prosiect a rhoi cyfle i sefydliadau ac unigolion ofyn cwestiynau a chynnig adborth.<\/p>\n<p>Cyhoeddir manylion ein digwyddiadau i randdeiliaid ar y wefan hon a chyhoeddir deunydd y cyflwyniad ar y dudalen hon yn dilyn pob digwyddiad.<\/p>\n\t\t\t<\/div>\t\t\t\n\t\t\t\t\t<div class=\"text-header--content block--content\">\n\t\t\t\t<p>Yn ystod y misoedd nesaf, wrth i&#8217;r prosiectau barhau i ddatblygu eu cynlluniau, bydd gwybodaeth amgylcheddol allweddol yn cael ei rhoi ar y wefan hon i roi&#8217;r holl wybodaeth sydd ei hangen ar randdeiliaid i ddeall y prosiectau a&#8217;u cyd-destun amgylcheddol ehangach. Rydym yn annog rhanddeiliaid i gyfrannu at y broses gynllunio.<\/p>\n<h3><span style=\"color: #000080;\"><strong>Sut i Gyfranogi<\/strong><\/span><\/h3>\n<p>Mae t\u00eem Ll\u0177r yn edrych ymlaen at ymgysylltu \u00e2 rhanddeiliaid a\u2019r cyhoedd wrth i ni symud ymlaen o\u2019r cam cysyniad cychwynnol, drwy\u2019r broses gydsynio, i\u2019r gwaith adeiladu a gweithredu yn y pen draw.<\/p>\n<p>Gallwch roi adborth uniongyrchol drwy e-bostio Marc Murray, Cyfarwyddwr Prosiect Gwynt Ll\u0177r yn: <a href=\"mailto:Llyr@ciercoenergy.com\">Llyr@ciercoenergy.com<\/a><\/p>\n<p>&nbsp;<\/p>\n\t\t\t<\/div>\n\t\t\t<\/div>\n<\/section>","protected":false},"excerpt":{"rendered":"","protected":false},"author":1,"featured_media":566,"parent":0,"menu_order":0,"comment_status":"closed","ping_status":"closed","template":"","meta":{"footnotes":""},"acf":[],"yoast_head":"<!-- This site is optimized with the Yoast SEO plugin v21.6 - https:\/\/yoast.com\/wordpress\/plugins\/seo\/ -->\n<title>Cymuned - Llyr<\/title>\n<meta name=\"robots\" content=\"index, follow, max-snippet:-1, max-image-preview:large, max-video-preview:-1\" \/>\n<link rel=\"canonical\" href=\"https:\/\/www.llyrwind.com\/cy\/cymuned\" \/>\n<meta property=\"og:locale\" content=\"cy_GB\" \/>\n<meta property=\"og:type\" content=\"article\" \/>\n<meta property=\"og:title\" content=\"Cymuned - Llyr\" \/>\n<meta property=\"og:url\" content=\"https:\/\/www.llyrwind.com\/cy\/cymuned\" \/>\n<meta property=\"og:site_name\" content=\"Llyr\" \/>\n<meta property=\"article:modified_time\" content=\"2022-09-05T16:11:02+00:00\" \/>\n<meta property=\"og:image\" content=\"https:\/\/www.llyrwind.com\/wp-content\/uploads\/2021\/08\/SBM_Office_0480_retouched-1024x682.jpg\" \/>\n\t<meta property=\"og:image:width\" content=\"1024\" \/>\n\t<meta property=\"og:image:height\" content=\"682\" \/>\n\t<meta property=\"og:image:type\" content=\"image\/jpeg\" \/>\n<meta name=\"twitter:card\" content=\"summary_large_image\" \/>\n<script type=\"application\/ld+json\" class=\"yoast-schema-graph\">{\"@context\":\"https:\/\/schema.org\",\"@graph\":[{\"@type\":\"WebPage\",\"@id\":\"https:\/\/www.llyrwind.com\/cy\/cymuned\",\"url\":\"https:\/\/www.llyrwind.com\/cy\/cymuned\",\"name\":\"Cymuned - Llyr\",\"isPartOf\":{\"@id\":\"https:\/\/www.llyrwind.com\/cy#website\"},\"datePublished\":\"2022-09-05T16:10:55+00:00\",\"dateModified\":\"2022-09-05T16:11:02+00:00\",\"inLanguage\":\"cy-GB\",\"potentialAction\":[{\"@type\":\"ReadAction\",\"target\":[\"https:\/\/www.llyrwind.com\/cy\/cymuned\"]}]},{\"@type\":\"WebSite\",\"@id\":\"https:\/\/www.llyrwind.com\/cy#website\",\"url\":\"https:\/\/www.llyrwind.com\/cy\",\"name\":\"Llyr\",\"description\":\"\",\"potentialAction\":[{\"@type\":\"SearchAction\",\"target\":{\"@type\":\"EntryPoint\",\"urlTemplate\":\"https:\/\/www.llyrwind.com\/cy?s={search_term_string}\"},\"query-input\":\"required name=search_term_string\"}],\"inLanguage\":\"cy-GB\"}]}<\/script>\n<!-- \/ Yoast SEO plugin. -->","yoast_head_json":{"title":"Cymuned - Llyr","robots":{"index":"index","follow":"follow","max-snippet":"max-snippet:-1","max-image-preview":"max-image-preview:large","max-video-preview":"max-video-preview:-1"},"canonical":"https:\/\/www.llyrwind.com\/cy\/cymuned","og_locale":"cy_GB","og_type":"article","og_title":"Cymuned - Llyr","og_url":"https:\/\/www.llyrwind.com\/cy\/cymuned","og_site_name":"Llyr","article_modified_time":"2022-09-05T16:11:02+00:00","og_image":[{"width":1024,"height":682,"url":"https:\/\/www.llyrwind.com\/wp-content\/uploads\/2021\/08\/SBM_Office_0480_retouched-1024x682.jpg","type":"image\/jpeg"}],"twitter_card":"summary_large_image","schema":{"@context":"https:\/\/schema.org","@graph":[{"@type":"WebPage","@id":"https:\/\/www.llyrwind.com\/cy\/cymuned","url":"https:\/\/www.llyrwind.com\/cy\/cymuned","name":"Cymuned - Llyr","isPartOf":{"@id":"https:\/\/www.llyrwind.com\/cy#website"},"datePublished":"2022-09-05T16:10:55+00:00","dateModified":"2022-09-05T16:11:02+00:00","inLanguage":"cy-GB","potentialAction":[{"@type":"ReadAction","target":["https:\/\/www.llyrwind.com\/cy\/cymuned"]}]},{"@type":"WebSite","@id":"https:\/\/www.llyrwind.com\/cy#website","url":"https:\/\/www.llyrwind.com\/cy","name":"Llyr","description":"","potentialAction":[{"@type":"SearchAction","target":{"@type":"EntryPoint","urlTemplate":"https:\/\/www.llyrwind.com\/cy?s={search_term_string}"},"query-input":"required name=search_term_string"}],"inLanguage":"cy-GB"}]}},"_links":{"self":[{"href":"https:\/\/www.llyrwind.com\/cy\/wp-json\/wp\/v2\/pages\/1063"}],"collection":[{"href":"https:\/\/www.llyrwind.com\/cy\/wp-json\/wp\/v2\/pages"}],"about":[{"href":"https:\/\/www.llyrwind.com\/cy\/wp-json\/wp\/v2\/types\/page"}],"author":[{"embeddable":true,"href":"https:\/\/www.llyrwind.com\/cy\/wp-json\/wp\/v2\/users\/1"}],"replies":[{"embeddable":true,"href":"https:\/\/www.llyrwind.com\/cy\/wp-json\/wp\/v2\/comments?post=1063"}],"version-history":[{"count":3,"href":"https:\/\/www.llyrwind.com\/cy\/wp-json\/wp\/v2\/pages\/1063\/revisions"}],"predecessor-version":[{"id":1101,"href":"https:\/\/www.llyrwind.com\/cy\/wp-json\/wp\/v2\/pages\/1063\/revisions\/1101"}],"wp:featuredmedia":[{"embeddable":true,"href":"https:\/\/www.llyrwind.com\/cy\/wp-json\/wp\/v2\/media\/566"}],"wp:attachment":[{"href":"https:\/\/www.llyrwind.com\/cy\/wp-json\/wp\/v2\/media?parent=1063"}],"curies":[{"name":"wp","href":"https:\/\/api.w.org\/{rel}","templated":true}]}}