{"id":1071,"date":"2022-09-05T16:11:26","date_gmt":"2022-09-05T16:11:26","guid":{"rendered":"https:\/\/www.llyrwind.com\/?page_id=1071"},"modified":"2022-09-05T16:11:31","modified_gmt":"2022-09-05T16:11:31","slug":"datganiad-gan-floventis-tachwedd-2021","status":"publish","type":"page","link":"https:\/\/www.llyrwind.com\/cy\/datganiad-gan-floventis-tachwedd-2021","title":{"rendered":"Datganiad gan Floventis Tachwedd 2021"},"content":{"rendered":"<section class='block thumbnail   hero'  style=\"background-image:url(https:\/\/www.llyrwind.com\/wp-content\/uploads\/2021\/11\/Coastal-Picture-2.jpg)\">\n\t<div class=\"container container--wide\">\n\t\t\t\t\t<div class=\"hero--content block--content\">\n\t\t\t\t<h2 class=\"p2\"><b>Datganiad gan Floventis, datblygwr Prosiect Ynni Gwynt ar y M\u00f4r Ll\u0177r<\/b><\/h2>\n                \t\t\t<\/div>\n\t\t\t<\/div>\n\t<span class=\"motif\"><\/span>\n<\/section>\n\n<section class='block text-header  text-header--alt '>\n\t<div class=\"container\">\n\t\t\t\t\t<div class=\"text-header--header block--header\">\n\t\t\t\t<h3 class=\"p2\"><span style=\"color: #000080;\"><b>I\u2019W RYDDHAU AR UNWAITH<\/b><\/span><\/h3>\n<h3 class=\"p2\"><span style=\"color: #000080;\"><b>11 Tachwedd 2021<\/b><\/span><\/h3>\n<h3><span style=\"color: #000080;\"><b>Ystad y Goron yn Cadarnhau 4GW o Gyfleoedd Prydlesu yn y M\u00f4r Celtaidd<\/b><\/span><\/h3>\n<p>Mae Yst\u00e2d y Goron wedi cyhoeddi manylion heddiw am ei chynlluniau ar gyfer prydlesu gwynt arnofiol yn y M\u00f4r Celtaidd, gan gadarnhau ei huchelgais i ddatgloi hyd at 4GW capasiti ynni gl\u00e2n newydd yng Nghymru a Lloegr a helpu i sefydlu sector diwydiannol newydd ar gyfer y DU.<\/p>\n\t\t\t<\/div>\n\t\t\t\t\t<div class=\"text-header--content text-header--content-left block--content\">\n\t\t\t\t<p class=\"p2\">Mae Floventis Energy yn croesawu\u2019r cyhoeddiad ac yn edrych ymlaen at chwarae rhan allweddol yn natblygiad y capasiti newydd, i gefnogi targed sero net y DU. Mae ymagwedd raddol Ystad y Goron tuag at ddatblygiad yn y M\u00f4r Celtaidd, sy\u2019n cydnabod pwysigrwydd Prydlesi Profi ac Arddangos, yn cyflwyno\u2019r cyfle gorau i ysgogi buddsoddiad newydd sylweddol mewn swyddi, sgiliau, a seilwaith yn y rhanbarth ac ar lefel ehangach y DU.<\/p>\n<p class=\"p2\">Drwy\u2019r broses newydd hon, mae gan ddatblygiadau ynni gwynt ar y m\u00f4r yn y M\u00f4r Celtaidd gyfle i gydbwyso\u2019n gadarnhaol anghenion cymunedau ar y tir a\u2019r amgylchedd, trwy ddull cydgysylltiedig a chynlluniedig a all hefyd helpu i gymell buddsoddiad mewn seilwaith grid a phorthladdoedd.<\/p>\n<p class=\"p2\">Dywedodd Scott Harper, Cyfarwyddwr Floventis a Phrif Swyddog Gweithredol Cierco Ltd: \u201c- Mae\u2019r cyhoeddiad heddiw yn cadarnhau cam arall eto yn y broses lle bydd penderfyniadau a chynllunio synhwyrol yn paratoi\u2019r ffordd ar gyfer datblygiad trefnus ac effeithiol. Mae parth y M\u00f4r Celtaidd yn cyflwyno cyfle newydd yn y DU ar gyfer gwynt ar y m\u00f4r. Mae\u2019n bwysig felly bod y camau cynllunio hyn yn sicrhau bod y llwybr cyflawni nid yn unig yn darparu ar gyfer cyflawni targedau amgylcheddol, ond hefyd yn sbarduno cyfleoedd diwydiannol a chadwyni cyflenwi.\u201d<\/p>\n<p class=\"p2\">Mae strategaeth ddatblygu Floventis Energy ar gyfer y M\u00f4r Celtaidd, sy\u2019n cynnwys dau safle profi gwynt arnofiol ac arddangos Ll\u0177r, yn cyd-fynd yn dda iawn \u00e2\u2019r cynigion uchelgeisiol hyn ac edrychwn ymlaen at weithio gydag Ystad y Goron i sicrhau bod datblygiadau gwynt arnofiol yn y rhanbarth yn cael eu dwyn ymlaen mewn modd ystyriol a chynaliadwy.<\/p>\n<p class=\"p2\"><strong>Yngl\u0177n \u00e2 Floventis Energy<\/strong>, www.floventis.com<\/p>\n<p class=\"p2\">Yn 2021 ffurfiodd Cierco a SBM Offshore y cwmni menter ar y cyd, Floventis Energy, gyda&#8217;r nod o ddod yn arweinydd marchnad mewn p\u0175er gwynt arnofiol ar y m\u00f4r. Mae&#8217;r fenter ar y cyd yn dod \u00e2 sgiliau ac arbenigedd cyflenwol ynghyd i gynhyrchu&#8217;r wybodaeth sydd ei hangen i ddatblygu a chyflwyno prosiectau technoleg cymhleth yn llwyddiannus yn yr amgylchedd alltraeth. Eisoes yn gyrru prosiectau arddangos yn Califfornia a&#8217;r DU, mae Floventis yn adeiladu portffolio o brosiectau i fynd \u00e2 gwynt alltraeth sy&#8217;n arnofio trwy broses gam wrth gam \u2013 gan gynyddu maint prosiectau i gynigion datblygu graddfa masnachol llawn erbyn 2030.<\/p>\n\t\t\t<\/div>\t\t\t\n\t\t\t\t\t<div class=\"text-header--content block--content\">\n\t\t\t\t<p class=\"p2\"><b>Ynghylch Gwynt arnofiol Ll\u0177r, <\/b>www.llyrwind.com<\/p>\n<p class=\"p2\">Mae datblygiad Ll\u0177r yn cynnwys dau safle alltraeth, gyda chapasiti o 100 MW yr un, i&#8217;r de o Benfro, Cymru, y DU, mewn dyfroedd sydd rhwng 60 a 70m o ddyfnder. Bydd y ddau safle\u2019n cynnig cyfle i brofi ac arddangos technolegau gwynt arnofiol arloesol ar raddfa gyn-fasnachol, gan alluogi\u2019r gadwyn gyflenwi gwynt arnofiol i gronni fesul cam gyda\u2019r nod tuag at raddfa prosiect masnachol.<\/p>\n<p class=\"p2\"><b>Yngl\u0177n \u00e2 CIERCO, <\/b>www.ciercoenergy.com<\/p>\n<p class=\"p2\">Mae Cierco yn gwmni datblygu prosiectau ynni adnewyddadwy annibynnol a sefydlwyd yn 2001 gyda nod syml \u2013 i ymgysylltu \u00e2 maes p\u0175er gwynt arnofiol ar y m\u00f4r ac i yrru technolegau a phrosiectau i gyrraedd lefelau cost cystadleuol \u00e2 rhai p\u0175er confensiynol. Mae gan d\u00eem Cierco sylfaen profiad unigryw o brosiectau lluosog, sy&#8217;n tarddu o ddechrau gwynt ar y m\u00f4r. Mae pencadlys Cierco yn Palm Springs, Califfornia.<\/p>\n<p class=\"p2\"><b>Yngl\u0177n \u00e2 SBM Offshore, <\/b>www.sbmoffshore.com<span class=\"Apple-converted-space\">\u00a0<\/span><\/p>\n<p class=\"p2\">Mae SBM Offshore yn arweinydd ym maes dylunio, cyflenwi, gosod, gweithredu ac ymestyn oes datrysiadau cynhyrchu symudol ar gyfer y diwydiant ynni alltraeth dros y cylch bywyd llawn. Gwybod sut i harneisio&#8217;r ynni uwchben, yn, ac o dan gefnforoedd y byd yw&#8217;r hyn sy&#8217;n cadarnhau safle SBM Offshore fel cwmni sydd \u00e2 rhan bwysig i&#8217;w chwarae yn natblygiad ynni byd-eang. Mae pencadlys SBM Offshore yn Amsterdam, Yr Iseldiroedd.<\/p>\n<p class=\"p4\">CYSWLLT: <span class=\"Apple-converted-space\">\u00a0<\/span><\/p>\n<p>Scott Harper<\/p>\n<p>Cyfarwyddwr<\/p>\n<p>+44 7710 487 567<\/p>\n<p>scott.harper@ciercoenergy.com<\/p>\n\t\t\t<\/div>\n\t\t\t<\/div>\n<\/section>","protected":false},"excerpt":{"rendered":"","protected":false},"author":1,"featured_media":0,"parent":0,"menu_order":0,"comment_status":"closed","ping_status":"closed","template":"","meta":{"footnotes":""},"acf":[],"yoast_head":"<!-- This site is optimized with the Yoast SEO plugin v21.6 - https:\/\/yoast.com\/wordpress\/plugins\/seo\/ -->\n<title>Datganiad gan Floventis Tachwedd 2021 - Llyr<\/title>\n<meta name=\"robots\" content=\"index, follow, max-snippet:-1, max-image-preview:large, max-video-preview:-1\" \/>\n<link rel=\"canonical\" href=\"https:\/\/www.llyrwind.com\/cy\/datganiad-gan-floventis-tachwedd-2021\" \/>\n<meta property=\"og:locale\" content=\"cy_GB\" \/>\n<meta property=\"og:type\" content=\"article\" \/>\n<meta property=\"og:title\" content=\"Datganiad gan Floventis Tachwedd 2021 - Llyr\" \/>\n<meta property=\"og:url\" content=\"https:\/\/www.llyrwind.com\/cy\/datganiad-gan-floventis-tachwedd-2021\" \/>\n<meta property=\"og:site_name\" content=\"Llyr\" \/>\n<meta property=\"article:modified_time\" content=\"2022-09-05T16:11:31+00:00\" \/>\n<meta name=\"twitter:card\" content=\"summary_large_image\" \/>\n<script type=\"application\/ld+json\" class=\"yoast-schema-graph\">{\"@context\":\"https:\/\/schema.org\",\"@graph\":[{\"@type\":\"WebPage\",\"@id\":\"https:\/\/www.llyrwind.com\/cy\/datganiad-gan-floventis-tachwedd-2021\",\"url\":\"https:\/\/www.llyrwind.com\/cy\/datganiad-gan-floventis-tachwedd-2021\",\"name\":\"Datganiad gan Floventis Tachwedd 2021 - Llyr\",\"isPartOf\":{\"@id\":\"https:\/\/www.llyrwind.com\/cy#website\"},\"datePublished\":\"2022-09-05T16:11:26+00:00\",\"dateModified\":\"2022-09-05T16:11:31+00:00\",\"inLanguage\":\"cy-GB\",\"potentialAction\":[{\"@type\":\"ReadAction\",\"target\":[\"https:\/\/www.llyrwind.com\/cy\/datganiad-gan-floventis-tachwedd-2021\"]}]},{\"@type\":\"WebSite\",\"@id\":\"https:\/\/www.llyrwind.com\/cy#website\",\"url\":\"https:\/\/www.llyrwind.com\/cy\",\"name\":\"Llyr\",\"description\":\"\",\"potentialAction\":[{\"@type\":\"SearchAction\",\"target\":{\"@type\":\"EntryPoint\",\"urlTemplate\":\"https:\/\/www.llyrwind.com\/cy?s={search_term_string}\"},\"query-input\":\"required name=search_term_string\"}],\"inLanguage\":\"cy-GB\"}]}<\/script>\n<!-- \/ Yoast SEO plugin. -->","yoast_head_json":{"title":"Datganiad gan Floventis Tachwedd 2021 - Llyr","robots":{"index":"index","follow":"follow","max-snippet":"max-snippet:-1","max-image-preview":"max-image-preview:large","max-video-preview":"max-video-preview:-1"},"canonical":"https:\/\/www.llyrwind.com\/cy\/datganiad-gan-floventis-tachwedd-2021","og_locale":"cy_GB","og_type":"article","og_title":"Datganiad gan Floventis Tachwedd 2021 - Llyr","og_url":"https:\/\/www.llyrwind.com\/cy\/datganiad-gan-floventis-tachwedd-2021","og_site_name":"Llyr","article_modified_time":"2022-09-05T16:11:31+00:00","twitter_card":"summary_large_image","schema":{"@context":"https:\/\/schema.org","@graph":[{"@type":"WebPage","@id":"https:\/\/www.llyrwind.com\/cy\/datganiad-gan-floventis-tachwedd-2021","url":"https:\/\/www.llyrwind.com\/cy\/datganiad-gan-floventis-tachwedd-2021","name":"Datganiad gan Floventis Tachwedd 2021 - Llyr","isPartOf":{"@id":"https:\/\/www.llyrwind.com\/cy#website"},"datePublished":"2022-09-05T16:11:26+00:00","dateModified":"2022-09-05T16:11:31+00:00","inLanguage":"cy-GB","potentialAction":[{"@type":"ReadAction","target":["https:\/\/www.llyrwind.com\/cy\/datganiad-gan-floventis-tachwedd-2021"]}]},{"@type":"WebSite","@id":"https:\/\/www.llyrwind.com\/cy#website","url":"https:\/\/www.llyrwind.com\/cy","name":"Llyr","description":"","potentialAction":[{"@type":"SearchAction","target":{"@type":"EntryPoint","urlTemplate":"https:\/\/www.llyrwind.com\/cy?s={search_term_string}"},"query-input":"required name=search_term_string"}],"inLanguage":"cy-GB"}]}},"_links":{"self":[{"href":"https:\/\/www.llyrwind.com\/cy\/wp-json\/wp\/v2\/pages\/1071"}],"collection":[{"href":"https:\/\/www.llyrwind.com\/cy\/wp-json\/wp\/v2\/pages"}],"about":[{"href":"https:\/\/www.llyrwind.com\/cy\/wp-json\/wp\/v2\/types\/page"}],"author":[{"embeddable":true,"href":"https:\/\/www.llyrwind.com\/cy\/wp-json\/wp\/v2\/users\/1"}],"replies":[{"embeddable":true,"href":"https:\/\/www.llyrwind.com\/cy\/wp-json\/wp\/v2\/comments?post=1071"}],"version-history":[{"count":3,"href":"https:\/\/www.llyrwind.com\/cy\/wp-json\/wp\/v2\/pages\/1071\/revisions"}],"predecessor-version":[{"id":1104,"href":"https:\/\/www.llyrwind.com\/cy\/wp-json\/wp\/v2\/pages\/1071\/revisions\/1104"}],"wp:attachment":[{"href":"https:\/\/www.llyrwind.com\/cy\/wp-json\/wp\/v2\/media?parent=1071"}],"curies":[{"name":"wp","href":"https:\/\/api.w.org\/{rel}","templated":true}]}}