{"id":1080,"date":"2022-09-05T16:11:58","date_gmt":"2022-09-05T16:11:58","guid":{"rendered":"https:\/\/www.llyrwind.com\/?page_id=1080"},"modified":"2024-01-11T15:44:29","modified_gmt":"2024-01-11T15:44:29","slug":"prosiect","status":"publish","type":"page","link":"https:\/\/www.llyrwind.com\/cy\/prosiect","title":{"rendered":"Prosiect"},"content":{"rendered":"<section class='block thumbnail   hero'  style=\"background-image:url(https:\/\/www.llyrwind.com\/wp-content\/uploads\/2023\/05\/Image-2-scaled.jpg)\">\n\t<div class=\"container container--wide\">\n\t\t\t\t\t<div class=\"hero--content block--content\">\n\t\t\t\t<h1><strong>Yngl\u0177n \u00e2&#8217;r Prosiect Ll<\/strong><strong>\u0177<\/strong><strong>r<\/strong><\/h1>\n<p>Prosiectau Prawf ac Arddangos 200MW yn y M\u00f4r Celtaidd<\/p>\n<p>&nbsp;<\/p>\n                \t\t\t<\/div>\n\t\t\t<\/div>\n\t<span class=\"motif\"><\/span>\n<\/section><section class='block text-header  text-header--alt '>\n\t<div class=\"container\">\n\t\t\t\t\t<div class=\"text-header--header block--header\">\n\t\t\t\t<ul style=\"font-weight: 400;\">\n<li>Prosiectau braenaru sy&#8217;n cyflymu datblygiad diwydiant gwynt alltraeth arnofiol y DU<\/li>\n<li>Treialu datblygiad, adeiladu, gosod a gweithredu gwynt alltraeth arnofiol ar raddfa fawr yn nyfroedd y DU<\/li>\n<li>Cynorthwyo dysgu sut mae gwynt arnofiol yn rhyngweithio ar raddfa fawr gyda&#8217;r amgylchedd naturiol a buddiannau lleol, er mwyn deall yn well y buddion a&#8217;r heriau ac i nodi cyfleoedd i wella&#8217;r amgylchedd lleol<\/li>\n<li>Datblygu a mireinio gosod a methodolegau O&amp;M sy&#8217;n hanfodol ar gyfer defnyddio prosiectau ar raddfa fasnachol yn llwyddiannus<\/li>\n<li>Cefnogi sefydlu a datblygu gallu diwydiannol gwynt gwynt brodorol ar y m\u00f4r yn y Deyrnas Unedig yn rhanbarth y M\u00f4r Celtaidd<\/li>\n<li>Gwneud y mwyaf o&#8217;r gadwyn gyflenwi leol yn y DU a chyfleoedd a buddion cyflogaeth<\/li>\n<\/ul>\n\t\t\t<\/div>\n\t\t\t<\/div>\n<\/section><section class=\"block text-image text-image--white \">\n\t<div class=\"container container--wide  image-left\">\n\t\t\t\t\t<div class=\"text-image--image  text-image--image-alt  block--image\">\n          <img loading=\"lazy\" decoding=\"async\" width=\"1024\" height=\"576\" src=\"https:\/\/www.llyrwind.com\/wp-content\/uploads\/2023\/06\/Map-Llyr-Location@2x-1024x576.png\" class=\"img-fluid\" alt=\"map of Llyr\" srcset=\"https:\/\/www.llyrwind.com\/wp-content\/uploads\/2023\/06\/Map-Llyr-Location@2x-1024x576.png 1024w, https:\/\/www.llyrwind.com\/wp-content\/uploads\/2023\/06\/Map-Llyr-Location@2x-300x169.png 300w, https:\/\/www.llyrwind.com\/wp-content\/uploads\/2023\/06\/Map-Llyr-Location@2x-768x432.png 768w, https:\/\/www.llyrwind.com\/wp-content\/uploads\/2023\/06\/Map-Llyr-Location@2x-1536x864.png 1536w, https:\/\/www.llyrwind.com\/wp-content\/uploads\/2023\/06\/Map-Llyr-Location@2x-2048x1152.png 2048w\" sizes=\"(max-width: 1024px) 100vw, 1024px\" \/>\t\t\t<\/div>\n\t\t\t\t\t\t\t<div class=\"text-image--content block--content\">\n\t\t\t\t<h2><span style=\"color: #000080;\"><strong>Lleoliad y Prosiect  <\/strong><\/span><\/h2>\n<p style=\"font-weight: 400;\">Mae ffermydd gwynt Ll\u0177r 1 a 2 yn cael eu cynnig i ddatblygu gwynt ar y m\u00f4r yn y M\u00f4r Celtaidd, o fewn Dyfroedd Cymru, ar y m\u00f4r o arfordir Sir Benfro. Ar ei bwynt agosaf, mae ffin yr ardal arfaethedig ar gyfer prydlesu ar gyfer y Prosiectau oddeutu 38 km o lan Ynys Lundy a 31 km o arfordir Cymru ac mae&#8217;n cynnwys dwy &#8220;ardal chwilio&#8221; 50 km<sup>2<\/sup> ar gyfer lleoliad y ffermydd gwynt. Bydd maint yr ardal a feddiannir yn y pen draw yn cael ei leihau yn dilyn yr ymchwiliad safle priodol a&#8217;r gwaith dylunio manwl.<\/p>\n<p>&nbsp;<\/p>\n<p>&nbsp;<\/p>\n\t\t\t<\/div>\n\t\t\t\t\t<\/div>\n<\/section>\n<section class='block text-header  text-header--alt '>\n\t<div class=\"container\">\n\t\t\t\t\t<div class=\"text-header--header block--header\">\n\t\t\t\t<h2><\/h2>\n<h2><\/h2>\n<h2><b>Yngl\u0177n \u00e2 Ll\u0177r 1 a 2<\/b><\/h2>\n<p style=\"font-weight: 400;\">Bydd Ll\u0177r 1 a 2 yn cynnwys dau brosiect arddangos gan ddefnyddio dwy dechnoleg llwyfan gwynt ar y m\u00f4r sy&#8217;n arnofio:<\/p>\n<ul style=\"font-weight: 400;\">\n<li>Hyd at 10 generadur tyrbinau gwynt fesul prosiect<\/li>\n<li>Hyd at 10 llwyfan arnofio<\/li>\n<li>Seilwaith angori<\/li>\n<li>Bydd gan bob prosiect hyd at ddwy gebl allforio o fewn un coridor cebl allforio i&#8217;r lleoliad tirlenwi yn Freshwater West.<\/li>\n<\/ul>\n<p>&nbsp;<\/p>\n<p>&nbsp;<\/p>\n\t\t\t<\/div>\n\t\t\t<\/div>\n<\/section><section class='block text-header '>\n\t<div class=\"container\">\n\t\t\t\t\t<div class=\"text-header--header block--header\">\n\t\t\t\t<h2>Dylunio Tyrbinau<\/h2>\n<p style=\"font-weight: 400;\">Bydd dyluniad arfaethedig y tyrbin yn weledol debyg i dyrbin gwynt &#8216;confensiynol&#8217; ar y m\u00f4r, er bod y dyluniad technegol mewnol yn wahanol ac mae&#8217;r tyrbin yn fwy gyda chynhwysedd cenhedlaeth uwch.<\/p>\n<p style=\"font-weight: 400;\">Bydd y tyrbinau&#8217;n integreiddio \u00e2 llwyfan arnofiol, gan ddefnyddio coes tensiwn neu system angori catenary i sicrhau&#8217;r platfform i wely&#8217;r m\u00f4r. Gall y radiws angori amrywio rhwng 50 i 800 metr yn dibynnu ar y trefniant angori a ddefnyddir.<\/p>\n<p style=\"font-weight: 400;\">Rydym wedi rhoi rhestr fer i&#8217;n partneriaid technoleg a byddwn yn gobeithio gwneud cyhoeddiadau yn 2024. Byddwn wedyn yn gallu darparu mwy o wybodaeth.<\/p>\n\t\t\t<\/div>\n\t\t\t<\/div>\n<\/section><section class='block text-header '>\n\t<div class=\"container\">\n\t\t\t\t\t<div class=\"text-header--header block--header\">\n\t\t\t\t<h2>Llwybrau Cable<\/h2>\n<div>\n<p class=\"paragraph\"><span class=\"normaltextrun\">Unwaith y bydd y p\u0175er wedi&#8217;i gynhyrchu, mae angen ei gludo i&#8217;r lan. Byddwn yn defnyddio hyd at ddau gebl i wneud hyn. Mae&#8217;r llwybr y bydd y ceblau allforio alltraeth hyn yn ei ddilyn wedi&#8217;i bennu gan  <\/span>lleoliad y Landfall (y pwynt lle mae&#8217;r ceblau&#8217;n dod i&#8217;r lan), yn ogystal \u00e2 chyfyngiadau amgylcheddol.<\/p>\n<\/div>\n<div>\n<p class=\"paragraph\">\n<\/div>\n<div>\n<p class=\"paragraph\"><span class=\"normaltextrun\">Bydd y ceblau allforio alltraeth yn dod \u00e2&#8217;r p\u0175er i&#8217;r lan. Yna mae angen ei gludo i&#8217;r pwynt lle gallwn gysylltu \u00e2&#8217;r Grid Cenedlaethol. Mae&#8217;r pwynt cyswllt agosaf ger Gorsaf B\u0175er Penfro ac rydym wedi gwneud cais i Weithredydd System Trydan y Grid Cenedlaethol (NGESO, y sefydliad sy&#8217;n gyfrifol am gysylltiadau \u00e2&#8217;r Grid Cenedlaethol) i gysylltu yma.  <\/span><\/p>\n<\/div>\n\t\t\t<\/div>\n\t\t\t<\/div>\n<\/section>","protected":false},"excerpt":{"rendered":"","protected":false},"author":1,"featured_media":0,"parent":0,"menu_order":0,"comment_status":"closed","ping_status":"closed","template":"","meta":{"footnotes":""},"acf":[],"yoast_head":"<!-- This site is optimized with the Yoast SEO plugin v21.6 - https:\/\/yoast.com\/wordpress\/plugins\/seo\/ -->\n<title>Prosiect - Llyr<\/title>\n<meta name=\"robots\" content=\"index, follow, max-snippet:-1, max-image-preview:large, max-video-preview:-1\" \/>\n<link rel=\"canonical\" href=\"https:\/\/www.llyrwind.com\/cy\/prosiect\" \/>\n<meta property=\"og:locale\" content=\"cy_GB\" \/>\n<meta property=\"og:type\" content=\"article\" \/>\n<meta property=\"og:title\" content=\"Prosiect - Llyr\" \/>\n<meta property=\"og:url\" content=\"https:\/\/www.llyrwind.com\/cy\/prosiect\" \/>\n<meta property=\"og:site_name\" content=\"Llyr\" \/>\n<meta property=\"article:modified_time\" content=\"2024-01-11T15:44:29+00:00\" \/>\n<meta name=\"twitter:card\" content=\"summary_large_image\" \/>\n<script type=\"application\/ld+json\" class=\"yoast-schema-graph\">{\"@context\":\"https:\/\/schema.org\",\"@graph\":[{\"@type\":\"WebPage\",\"@id\":\"https:\/\/www.llyrwind.com\/cy\/prosiect\",\"url\":\"https:\/\/www.llyrwind.com\/cy\/prosiect\",\"name\":\"Prosiect - Llyr\",\"isPartOf\":{\"@id\":\"https:\/\/www.llyrwind.com\/cy#website\"},\"datePublished\":\"2022-09-05T16:11:58+00:00\",\"dateModified\":\"2024-01-11T15:44:29+00:00\",\"inLanguage\":\"cy-GB\",\"potentialAction\":[{\"@type\":\"ReadAction\",\"target\":[\"https:\/\/www.llyrwind.com\/cy\/prosiect\"]}]},{\"@type\":\"WebSite\",\"@id\":\"https:\/\/www.llyrwind.com\/cy#website\",\"url\":\"https:\/\/www.llyrwind.com\/cy\",\"name\":\"Llyr\",\"description\":\"\",\"potentialAction\":[{\"@type\":\"SearchAction\",\"target\":{\"@type\":\"EntryPoint\",\"urlTemplate\":\"https:\/\/www.llyrwind.com\/cy?s={search_term_string}\"},\"query-input\":\"required name=search_term_string\"}],\"inLanguage\":\"cy-GB\"}]}<\/script>\n<!-- \/ Yoast SEO plugin. -->","yoast_head_json":{"title":"Prosiect - Llyr","robots":{"index":"index","follow":"follow","max-snippet":"max-snippet:-1","max-image-preview":"max-image-preview:large","max-video-preview":"max-video-preview:-1"},"canonical":"https:\/\/www.llyrwind.com\/cy\/prosiect","og_locale":"cy_GB","og_type":"article","og_title":"Prosiect - Llyr","og_url":"https:\/\/www.llyrwind.com\/cy\/prosiect","og_site_name":"Llyr","article_modified_time":"2024-01-11T15:44:29+00:00","twitter_card":"summary_large_image","schema":{"@context":"https:\/\/schema.org","@graph":[{"@type":"WebPage","@id":"https:\/\/www.llyrwind.com\/cy\/prosiect","url":"https:\/\/www.llyrwind.com\/cy\/prosiect","name":"Prosiect - Llyr","isPartOf":{"@id":"https:\/\/www.llyrwind.com\/cy#website"},"datePublished":"2022-09-05T16:11:58+00:00","dateModified":"2024-01-11T15:44:29+00:00","inLanguage":"cy-GB","potentialAction":[{"@type":"ReadAction","target":["https:\/\/www.llyrwind.com\/cy\/prosiect"]}]},{"@type":"WebSite","@id":"https:\/\/www.llyrwind.com\/cy#website","url":"https:\/\/www.llyrwind.com\/cy","name":"Llyr","description":"","potentialAction":[{"@type":"SearchAction","target":{"@type":"EntryPoint","urlTemplate":"https:\/\/www.llyrwind.com\/cy?s={search_term_string}"},"query-input":"required name=search_term_string"}],"inLanguage":"cy-GB"}]}},"_links":{"self":[{"href":"https:\/\/www.llyrwind.com\/cy\/wp-json\/wp\/v2\/pages\/1080"}],"collection":[{"href":"https:\/\/www.llyrwind.com\/cy\/wp-json\/wp\/v2\/pages"}],"about":[{"href":"https:\/\/www.llyrwind.com\/cy\/wp-json\/wp\/v2\/types\/page"}],"author":[{"embeddable":true,"href":"https:\/\/www.llyrwind.com\/cy\/wp-json\/wp\/v2\/users\/1"}],"replies":[{"embeddable":true,"href":"https:\/\/www.llyrwind.com\/cy\/wp-json\/wp\/v2\/comments?post=1080"}],"version-history":[{"count":8,"href":"https:\/\/www.llyrwind.com\/cy\/wp-json\/wp\/v2\/pages\/1080\/revisions"}],"predecessor-version":[{"id":4240,"href":"https:\/\/www.llyrwind.com\/cy\/wp-json\/wp\/v2\/pages\/1080\/revisions\/4240"}],"wp:attachment":[{"href":"https:\/\/www.llyrwind.com\/cy\/wp-json\/wp\/v2\/media?parent=1080"}],"curies":[{"name":"wp","href":"https:\/\/api.w.org\/{rel}","templated":true}]}}