{"id":3080,"date":"2023-06-29T08:19:34","date_gmt":"2023-06-29T08:19:34","guid":{"rendered":"https:\/\/llyrwind.test.netsco.dev\/cartref"},"modified":"2024-09-12T10:32:18","modified_gmt":"2024-09-12T10:32:18","slug":"cartref","status":"publish","type":"page","link":"https:\/\/www.llyrwind.com\/cy","title":{"rendered":"Cartref"},"content":{"rendered":"<section class='block thumbnail   hero'  style=\"background-image:url(https:\/\/www.llyrwind.com\/wp-content\/uploads\/2023\/02\/banner-scaled.jpg)\">\n\t<div class=\"container container--wide\">\n\t\t\t\t\t<div class=\"hero--content block--content\">\n\t\t\t\t<h1><strong>Harneisio Ynni Cymru<\/strong><\/h1>\n                \t\t\t<\/div>\n\t\t\t<\/div>\n\t<span class=\"motif\"><\/span>\n<\/section><section class=\"block wysiwyg\">\r\n    <div class=\"container\">\r\n        <div class=\"wysiwyg--content block--content\">\r\n            <h2 class=\"u-text-center\">Yngl\u0177n \u00e2 Ll\u0177r 1 a 2<\/h2>\r\n            <div class=\"u-flex u-flex--4 u-text-center text-blue u-text-bold\">\r\n                                    <div>\r\n                        <img loading=\"lazy\" decoding=\"async\" src=\"https:\/\/www.llyrwind.com\/wp-content\/uploads\/2023\/05\/Llyr-Icons-V3_An-enabler-of-net-zero.svg\" alt=\"\" width=\"140\" height=\"140\">\r\n                        <p>200MW o ynni adnewyddadwy<\/p>\n                    <\/div>\r\n                                    <div>\r\n                        <img loading=\"lazy\" decoding=\"async\" src=\"https:\/\/www.llyrwind.com\/wp-content\/uploads\/2023\/05\/Llyr-Icons-V3_Power-for-homes.svg\" alt=\"\" width=\"140\" height=\"140\">\r\n                        <p>P\u0175er ar gyfer 200,000 o <a href=\"#ref-1\"><sup>gartrefi[1]<\/sup><\/a><\/p>\n                    <\/div>\r\n                                    <div>\r\n                        <img loading=\"lazy\" decoding=\"async\" src=\"https:\/\/www.llyrwind.com\/wp-content\/uploads\/2023\/05\/Llyr-Icons-V3_Installation-Target.svg\" alt=\"\" width=\"140\" height=\"140\">\r\n                        <p>Targed gosod 2027<\/p>\n                    <\/div>\r\n                            <\/div>\r\n            <p style=\"font-weight: 400;\">\n<p style=\"font-weight: 400;\">Bydd ffermydd gwynt Ll\u0177r ymhlith y prosiectau profi gwynt ac arddangos alltraeth arnofio cyntaf i&#8217;w datblygu a&#8217;u hadeiladu yn y DU, gan arddangos y genhedlaeth nesaf mewn technoleg ynni adnewyddadwy adnewyddadwy adnewyddadwy gl\u00e2n ar y m\u00f4r.<\/p>\n<p style=\"font-weight: 400;\">Bydd technoleg wynt arnofio arloesol yn galluogi ffermydd gwynt Ll\u0177r i gael eu lleoli mewn d\u0175r dyfnach, ac ymhellach ar y m\u00f4r, gan leihau effeithiau gweledol ac amgylcheddol wrth ddefnyddio&#8217;r gwyntoedd cryfach a mwy cyson.<\/p>\n<p style=\"font-weight: 400;\">Trwy ddatgloi galluoedd ynni newydd, uwch o ddyfroedd dyfnach, ymhellach ar y m\u00f4r, mae gan brosiectau Ll\u0177r gyfleoedd enfawr posibl i ddefnyddwyr ynni&#8217;r DU. Nid yn unig y byddant yn helpu&#8217;r DU i gyrraedd ei tharged ar gyfer allyriadau sero net, ond byddant yn creu cyfleoedd newydd ar gyfer cadwyni gweithgynhyrchu a chyflenwi rhanbarthol yng Nghymru a De-orllewin Lloegr wrth i&#8217;r galw byd-eang am wyntoedd arnofiol, ar y m\u00f4r, gynyddu.<\/p>\n        <\/div>\r\n    <\/div>\r\n<\/section><img decoding=\"async\" src=\"https:\/\/www.llyrwind.com\/wp-content\/uploads\/2023\/02\/coast-scaled.jpg\" alt=\"\" class=\"b-image\">\r\n<section class=\"block latest-news\">\r\n\r\n\t<div class=\"latest-news__container\">\r\n\t\t<div class=\"container container--wide\">\r\n            <h2>Newyddion<\/h2>\r\n\t\t\t<div class=\"latest-news__entries\">\r\n\t\t\t\t\t\t\t\t\t\t\t\t\t<div class=\"latest-news__entry\">\r\n\t\t\t\t\t\t<h3>Ymateb i AR5<\/h3>\r\n\t\t\t\t\t\t<p>Mae Tess Blazey, Cyfarwyddwr Polisi a Chysylltiadau Allanol Floventis Energy yn ymateb i AR5.<\/p>\r\n\t\t\t\t\t\t<a class=\"latest-news__entry__read-more\" href=\"https:\/\/www.llyrwind.com\/cy\/news\/ymateb-i-ar5\">Darllen mwy<\/a>\r\n\t\t\t\t\t<\/div>\r\n\t\t\t\t\t\t\t\t\t<div class=\"latest-news__entry\">\r\n\t\t\t\t\t\t<h3>Cyfleoedd cadwyn gyflenwi<\/h3>\r\n\t\t\t\t\t\t<p>Mynychodd dros 110 o fusnesau sydd \u00e2 diddordeb mewn gwneud cais am waith yn y diwydiant gwynt ar y m\u00f4r&hellip;<\/p>\r\n\t\t\t\t\t\t<a class=\"latest-news__entry__read-more\" href=\"https:\/\/www.llyrwind.com\/cy\/news\/cyfleoedd-cadwyn-gyflenwi\">Darllen mwy<\/a>\r\n\t\t\t\t\t<\/div>\r\n\t\t\t\t\t\t\t\t\t<div class=\"latest-news__entry\">\r\n\t\t\t\t\t\t<h3>Rhoi hawliau gwely&#8217;r m\u00f4r i Llyr<\/h3>\r\n\t\t\t\t\t\t<p>Ystad y Goron yn cyhoeddi bwriad i roi hawliau gwely&#8217;r m\u00f4r i brosiect gwynt arnofiol Llyr ar y m\u00f4r UK<\/p>\r\n\t\t\t\t\t\t<a class=\"latest-news__entry__read-more\" href=\"https:\/\/www.llyrwind.com\/cy\/news\/rhoi-hawliau-gwelyr-mor-i-llyr\">Darllen mwy<\/a>\r\n\t\t\t\t\t<\/div>\r\n\t\t\t\t\t\t\t\t\t\t\t\t\t\t\t<\/div>\r\n\t\t\t<a class=\"u-btn u-btn--inverse\" href=\"https:\/\/www.llyrwind.com\/cy\/newyddion\">Gweld yr holl newyddion<\/a>\r\n\t\t<\/div>\r\n\t<\/div>\r\n<\/section><div class=\"references\">\r\n\t<div class=\"container container--wide\">\r\n\t<h3>Cyfeiriad<\/h3>\r\n\t<ol class=\"no-format\">\r\n\t\t\t\t\t<li id=\"ref-1\">Based on R-UK statistics which use BEIS data, update to December 2022\t\t\t\t<a href=\"https:\/\/www.renewableuk.com\/page\/UKWEDExplained\/Statistics-Explained.htm\" target=\"_blank\">https:\/\/www.renewableuk.com\/page\/UKWEDExplained\/Statistics-Explained.htm<\/a>\t\t\t<\/li>\r\n\t\t\t<\/ol>\r\n\t<\/div>\r\n<\/div>\r\n","protected":false},"excerpt":{"rendered":"","protected":false},"author":1,"featured_media":0,"parent":0,"menu_order":0,"comment_status":"closed","ping_status":"closed","template":"","meta":{"footnotes":""},"acf":[],"yoast_head":"<!-- This site is optimized with the Yoast SEO plugin v21.6 - https:\/\/yoast.com\/wordpress\/plugins\/seo\/ -->\n<title>Ll\u0177r Fferm Wynt Symudol - Harneisio Ynni Cymru<\/title>\n<meta name=\"description\" content=\"Mae prosiectau Ll\u0177r yn archwilio potensial dwy dechnoleg wynt alltraeth arnofio arloesol, sydd wedi&#039;u lleoli yn yr ymagweddau at F\u00f4r Hafren yn y M\u00f4r Celtaidd. Disgwylir i allbwn cyfunol y prosiectau ddarparu p\u0175er ar gyfer tua 250,000 o gartrefi bob blwyddyn - tua dwywaith cymaint o b\u0175er ag y gallai fferm wynt ar y tir o&#039;r un maint ddisgwyl ei gynhyrchu.\" \/>\n<meta name=\"robots\" content=\"index, follow, max-snippet:-1, max-image-preview:large, max-video-preview:-1\" \/>\n<link rel=\"canonical\" href=\"https:\/\/www.llyrwind.com\/cy\" \/>\n<meta property=\"og:locale\" content=\"cy_GB\" \/>\n<meta property=\"og:type\" content=\"article\" \/>\n<meta property=\"og:title\" content=\"Ll\u0177r Fferm Wynt Symudol - Harneisio Ynni Cymru\" \/>\n<meta property=\"og:description\" content=\"Mae prosiectau Ll\u0177r yn archwilio potensial dwy dechnoleg wynt alltraeth arnofio arloesol, sydd wedi&#039;u lleoli yn yr ymagweddau at F\u00f4r Hafren yn y M\u00f4r Celtaidd. Disgwylir i allbwn cyfunol y prosiectau ddarparu p\u0175er ar gyfer tua 250,000 o gartrefi bob blwyddyn - tua dwywaith cymaint o b\u0175er ag y gallai fferm wynt ar y tir o&#039;r un maint ddisgwyl ei gynhyrchu.\" \/>\n<meta property=\"og:url\" content=\"https:\/\/www.llyrwind.com\/cy\" \/>\n<meta property=\"og:site_name\" content=\"Llyr\" \/>\n<meta property=\"article:modified_time\" content=\"2024-09-12T10:32:18+00:00\" \/>\n<meta name=\"twitter:card\" content=\"summary_large_image\" \/>\n<script type=\"application\/ld+json\" class=\"yoast-schema-graph\">{\"@context\":\"https:\/\/schema.org\",\"@graph\":[{\"@type\":\"WebPage\",\"@id\":\"https:\/\/www.llyrwind.com\/cy\",\"url\":\"https:\/\/www.llyrwind.com\/cy\",\"name\":\"Ll\u0177r Fferm Wynt Symudol - Harneisio Ynni Cymru\",\"isPartOf\":{\"@id\":\"https:\/\/www.llyrwind.com\/cy#website\"},\"datePublished\":\"2023-06-29T08:19:34+00:00\",\"dateModified\":\"2024-09-12T10:32:18+00:00\",\"description\":\"Mae prosiectau Ll\u0177r yn archwilio potensial dwy dechnoleg wynt alltraeth arnofio arloesol, sydd wedi'u lleoli yn yr ymagweddau at F\u00f4r Hafren yn y M\u00f4r Celtaidd. Disgwylir i allbwn cyfunol y prosiectau ddarparu p\u0175er ar gyfer tua 250,000 o gartrefi bob blwyddyn - tua dwywaith cymaint o b\u0175er ag y gallai fferm wynt ar y tir o'r un maint ddisgwyl ei gynhyrchu.\",\"inLanguage\":\"cy-GB\",\"potentialAction\":[{\"@type\":\"ReadAction\",\"target\":[\"https:\/\/www.llyrwind.com\/cy\"]}]},{\"@type\":\"WebSite\",\"@id\":\"https:\/\/www.llyrwind.com\/cy#website\",\"url\":\"https:\/\/www.llyrwind.com\/cy\",\"name\":\"Llyr\",\"description\":\"\",\"potentialAction\":[{\"@type\":\"SearchAction\",\"target\":{\"@type\":\"EntryPoint\",\"urlTemplate\":\"https:\/\/www.llyrwind.com\/cy?s={search_term_string}\"},\"query-input\":\"required name=search_term_string\"}],\"inLanguage\":\"cy-GB\"}]}<\/script>\n<!-- \/ Yoast SEO plugin. -->","yoast_head_json":{"title":"Ll\u0177r Fferm Wynt Symudol - Harneisio Ynni Cymru","description":"Mae prosiectau Ll\u0177r yn archwilio potensial dwy dechnoleg wynt alltraeth arnofio arloesol, sydd wedi'u lleoli yn yr ymagweddau at F\u00f4r Hafren yn y M\u00f4r Celtaidd. Disgwylir i allbwn cyfunol y prosiectau ddarparu p\u0175er ar gyfer tua 250,000 o gartrefi bob blwyddyn - tua dwywaith cymaint o b\u0175er ag y gallai fferm wynt ar y tir o'r un maint ddisgwyl ei gynhyrchu.","robots":{"index":"index","follow":"follow","max-snippet":"max-snippet:-1","max-image-preview":"max-image-preview:large","max-video-preview":"max-video-preview:-1"},"canonical":"https:\/\/www.llyrwind.com\/cy","og_locale":"cy_GB","og_type":"article","og_title":"Ll\u0177r Fferm Wynt Symudol - Harneisio Ynni Cymru","og_description":"Mae prosiectau Ll\u0177r yn archwilio potensial dwy dechnoleg wynt alltraeth arnofio arloesol, sydd wedi'u lleoli yn yr ymagweddau at F\u00f4r Hafren yn y M\u00f4r Celtaidd. Disgwylir i allbwn cyfunol y prosiectau ddarparu p\u0175er ar gyfer tua 250,000 o gartrefi bob blwyddyn - tua dwywaith cymaint o b\u0175er ag y gallai fferm wynt ar y tir o'r un maint ddisgwyl ei gynhyrchu.","og_url":"https:\/\/www.llyrwind.com\/cy","og_site_name":"Llyr","article_modified_time":"2024-09-12T10:32:18+00:00","twitter_card":"summary_large_image","schema":{"@context":"https:\/\/schema.org","@graph":[{"@type":"WebPage","@id":"https:\/\/www.llyrwind.com\/cy","url":"https:\/\/www.llyrwind.com\/cy","name":"Ll\u0177r Fferm Wynt Symudol - Harneisio Ynni Cymru","isPartOf":{"@id":"https:\/\/www.llyrwind.com\/cy#website"},"datePublished":"2023-06-29T08:19:34+00:00","dateModified":"2024-09-12T10:32:18+00:00","description":"Mae prosiectau Ll\u0177r yn archwilio potensial dwy dechnoleg wynt alltraeth arnofio arloesol, sydd wedi'u lleoli yn yr ymagweddau at F\u00f4r Hafren yn y M\u00f4r Celtaidd. Disgwylir i allbwn cyfunol y prosiectau ddarparu p\u0175er ar gyfer tua 250,000 o gartrefi bob blwyddyn - tua dwywaith cymaint o b\u0175er ag y gallai fferm wynt ar y tir o'r un maint ddisgwyl ei gynhyrchu.","inLanguage":"cy-GB","potentialAction":[{"@type":"ReadAction","target":["https:\/\/www.llyrwind.com\/cy"]}]},{"@type":"WebSite","@id":"https:\/\/www.llyrwind.com\/cy#website","url":"https:\/\/www.llyrwind.com\/cy","name":"Llyr","description":"","potentialAction":[{"@type":"SearchAction","target":{"@type":"EntryPoint","urlTemplate":"https:\/\/www.llyrwind.com\/cy?s={search_term_string}"},"query-input":"required name=search_term_string"}],"inLanguage":"cy-GB"}]}},"_links":{"self":[{"href":"https:\/\/www.llyrwind.com\/cy\/wp-json\/wp\/v2\/pages\/3080"}],"collection":[{"href":"https:\/\/www.llyrwind.com\/cy\/wp-json\/wp\/v2\/pages"}],"about":[{"href":"https:\/\/www.llyrwind.com\/cy\/wp-json\/wp\/v2\/types\/page"}],"author":[{"embeddable":true,"href":"https:\/\/www.llyrwind.com\/cy\/wp-json\/wp\/v2\/users\/1"}],"replies":[{"embeddable":true,"href":"https:\/\/www.llyrwind.com\/cy\/wp-json\/wp\/v2\/comments?post=3080"}],"version-history":[{"count":23,"href":"https:\/\/www.llyrwind.com\/cy\/wp-json\/wp\/v2\/pages\/3080\/revisions"}],"predecessor-version":[{"id":5273,"href":"https:\/\/www.llyrwind.com\/cy\/wp-json\/wp\/v2\/pages\/3080\/revisions\/5273"}],"wp:attachment":[{"href":"https:\/\/www.llyrwind.com\/cy\/wp-json\/wp\/v2\/media?parent=3080"}],"curies":[{"name":"wp","href":"https:\/\/api.w.org\/{rel}","templated":true}]}}