{"id":3118,"date":"2023-06-29T09:33:12","date_gmt":"2023-06-29T09:33:12","guid":{"rendered":"https:\/\/llyrwind.test.netsco.dev\/ynghylch"},"modified":"2025-01-15T16:16:22","modified_gmt":"2025-01-15T16:16:22","slug":"ynghylch","status":"publish","type":"page","link":"https:\/\/www.llyrwind.com\/cy\/ynghylch","title":{"rendered":"Ynghylch"},"content":{"rendered":"<section class='block thumbnail   hero'  style=\"background-image:url(https:\/\/www.llyrwind.com\/wp-content\/uploads\/2023\/05\/Image-1-scaled.jpg)\">\n\t<div class=\"container container--wide\">\n\t\t\t\t\t<div class=\"hero--content block--content\">\n\t\t\t\t<h1>Amdanom ni<\/h1>\n                \t\t\t<\/div>\n\t\t\t<\/div>\n\t<span class=\"motif\"><\/span>\n<\/section><section class='block text-header '>\n\t<div class=\"container\">\n\t\t\t\t\t<div class=\"text-header--header block--header\">\n\t\t\t\t<article class=\"f1gwpiu7\" data-card=\"true\" aria-live=\"polite\" data-testid=\"result-20\" data-card-type=\"prompt-result\" data-active=\"true\">\n<div class=\"f1m578on\">\n<div><\/div>\n<div class=\"fup7sgf\"><span style=\"font-size: 1.8rem;\">Mae Prosiectau Gwynt Arnofio Ll\u0177r, a ddatblygwyd gan Cierco Energy, yn gam trawsnewidiol tuag at harneisio potensial helaeth y M\u00f4r Celtaidd a dangos technoleg ynni adnewyddadwy ar y m\u00f4r arloesol.  <\/span><\/div>\n<\/div>\n<div><\/div>\n<div class=\"f1m578on\">\n<div class=\"fup7sgf\"><span style=\"font-size: 1.8rem;\">Gwneud gwahaniaeth drwy:<\/span><\/div>\n<\/div>\n<\/article>\n<article class=\"f1gwpiu7\" data-card=\"true\" aria-live=\"polite\" data-testid=\"result-20\" data-card-type=\"prompt-result\" data-active=\"true\">\n<div class=\"f1m578on\">\n<ul>\n<li>Bod ar flaen y gad yn y newid byd-eang i gynhyrchu p\u0175er gwyrdd ar raddfa fawr ar y daith i sero net<\/li>\n<li>Cynllunio cyflawni 20% o darged 1GW Llywodraeth y DU ar gyfer gwynt arnofiol erbyn 2030<\/li>\n<li>Datblygu gwahanol atebion technoleg gwynt ar y m\u00f4r ar raddfa lawn gyda chynhwysedd tyrbin o fwy na 12MW yn nyfroedd y DU<\/li>\n<li>Creu swyddi lleol a gwerth economaidd drwy weithio mewn partneriaeth \u00e2&#8217;n cadwyn gyflenwi a&#8217;n darparwyr addysg<\/li>\n<li>Buddsoddi mewn sgiliau ac addysg i blant a phobl ifanc<\/li>\n<\/ul>\n<p>&nbsp;<\/p>\n<\/div>\n<\/article>\n\t\t\t<\/div>\n\t\t\t<\/div>\n<\/section><section class=\"block text-image text-image--white \">\n\t<div class=\"container container--wide  image-right\">\n\t\t\t\t\t<div class=\"text-image--image  block--image\">\n          <img loading=\"lazy\" decoding=\"async\" width=\"500\" height=\"500\" src=\"https:\/\/www.llyrwind.com\/wp-content\/uploads\/2025\/01\/CIERCO-Stacked-Logo-300x300-RGB.png\" class=\"img-fluid\" alt=\"\" srcset=\"https:\/\/www.llyrwind.com\/wp-content\/uploads\/2025\/01\/CIERCO-Stacked-Logo-300x300-RGB.png 500w, https:\/\/www.llyrwind.com\/wp-content\/uploads\/2025\/01\/CIERCO-Stacked-Logo-300x300-RGB-300x300.png 300w, https:\/\/www.llyrwind.com\/wp-content\/uploads\/2025\/01\/CIERCO-Stacked-Logo-300x300-RGB-150x150.png 150w, https:\/\/www.llyrwind.com\/wp-content\/uploads\/2025\/01\/CIERCO-Stacked-Logo-300x300-RGB-320x320.png 320w\" sizes=\"(max-width: 500px) 100vw, 500px\" \/>\t\t\t<\/div>\n\t\t\t\t\t\t\t<div class=\"text-image--content block--content\">\n\t\t\t\t<h3>Cierco<\/h3>\n<p>Mae Cierco yn gwmni datblygu prosiect ynni adnewyddadwy annibynnol a sefydlwyd yn 2001 gyda nod syml i gymryd rhan ym maes p\u0175er gwynt arnofiol ar y m\u00f4r ac i yrru technolegau a phrosiectau i gyrraedd lefelau costau sy&#8217;n gystadleuol \u00e2 rhai p\u0175er confensiynol. Mae t\u00eem Cierco yn cynnwys unigolion o ystod eang o gefndiroedd ond gydag un peth yn gyffredin &#8211; ymgyrch i newid y ffordd rydyn ni&#8217;n meddwl am y trawsnewidiad ynni carbon isel.<\/p>\n<p><a href=\"https:\/\/ciercoenergy.com\/\">Dysgu mwy<\/a><\/p>\n\t\t\t<\/div>\n\t\t\t\t\t<\/div>\n<\/section>\n<section class=\"block text-image text-image--white \">\n\t<div class=\"container container--wide  image-left\">\n\t\t\t\t\t\t\t<\/div>\n<\/section>\n","protected":false},"excerpt":{"rendered":"","protected":false},"author":1,"featured_media":0,"parent":0,"menu_order":0,"comment_status":"closed","ping_status":"closed","template":"","meta":{"footnotes":""},"acf":[],"yoast_head":"<!-- This site is optimized with the Yoast SEO plugin v21.6 - https:\/\/yoast.com\/wordpress\/plugins\/seo\/ -->\n<title>Ynghylch - Llyr<\/title>\n<meta name=\"robots\" content=\"index, follow, max-snippet:-1, max-image-preview:large, max-video-preview:-1\" \/>\n<link rel=\"canonical\" href=\"https:\/\/www.llyrwind.com\/cy\/ynghylch\" \/>\n<meta property=\"og:locale\" content=\"cy_GB\" \/>\n<meta property=\"og:type\" content=\"article\" \/>\n<meta property=\"og:title\" content=\"Ynghylch - Llyr\" \/>\n<meta property=\"og:url\" content=\"https:\/\/www.llyrwind.com\/cy\/ynghylch\" \/>\n<meta property=\"og:site_name\" content=\"Llyr\" \/>\n<meta property=\"article:modified_time\" content=\"2025-01-15T16:16:22+00:00\" \/>\n<meta name=\"twitter:card\" content=\"summary_large_image\" \/>\n<script type=\"application\/ld+json\" class=\"yoast-schema-graph\">{\"@context\":\"https:\/\/schema.org\",\"@graph\":[{\"@type\":\"WebPage\",\"@id\":\"https:\/\/www.llyrwind.com\/cy\/ynghylch\",\"url\":\"https:\/\/www.llyrwind.com\/cy\/ynghylch\",\"name\":\"Ynghylch - Llyr\",\"isPartOf\":{\"@id\":\"https:\/\/www.llyrwind.com\/cy#website\"},\"datePublished\":\"2023-06-29T09:33:12+00:00\",\"dateModified\":\"2025-01-15T16:16:22+00:00\",\"inLanguage\":\"cy-GB\",\"potentialAction\":[{\"@type\":\"ReadAction\",\"target\":[\"https:\/\/www.llyrwind.com\/cy\/ynghylch\"]}]},{\"@type\":\"WebSite\",\"@id\":\"https:\/\/www.llyrwind.com\/cy#website\",\"url\":\"https:\/\/www.llyrwind.com\/cy\",\"name\":\"Llyr\",\"description\":\"\",\"potentialAction\":[{\"@type\":\"SearchAction\",\"target\":{\"@type\":\"EntryPoint\",\"urlTemplate\":\"https:\/\/www.llyrwind.com\/cy?s={search_term_string}\"},\"query-input\":\"required name=search_term_string\"}],\"inLanguage\":\"cy-GB\"}]}<\/script>\n<!-- \/ Yoast SEO plugin. -->","yoast_head_json":{"title":"Ynghylch - Llyr","robots":{"index":"index","follow":"follow","max-snippet":"max-snippet:-1","max-image-preview":"max-image-preview:large","max-video-preview":"max-video-preview:-1"},"canonical":"https:\/\/www.llyrwind.com\/cy\/ynghylch","og_locale":"cy_GB","og_type":"article","og_title":"Ynghylch - Llyr","og_url":"https:\/\/www.llyrwind.com\/cy\/ynghylch","og_site_name":"Llyr","article_modified_time":"2025-01-15T16:16:22+00:00","twitter_card":"summary_large_image","schema":{"@context":"https:\/\/schema.org","@graph":[{"@type":"WebPage","@id":"https:\/\/www.llyrwind.com\/cy\/ynghylch","url":"https:\/\/www.llyrwind.com\/cy\/ynghylch","name":"Ynghylch - Llyr","isPartOf":{"@id":"https:\/\/www.llyrwind.com\/cy#website"},"datePublished":"2023-06-29T09:33:12+00:00","dateModified":"2025-01-15T16:16:22+00:00","inLanguage":"cy-GB","potentialAction":[{"@type":"ReadAction","target":["https:\/\/www.llyrwind.com\/cy\/ynghylch"]}]},{"@type":"WebSite","@id":"https:\/\/www.llyrwind.com\/cy#website","url":"https:\/\/www.llyrwind.com\/cy","name":"Llyr","description":"","potentialAction":[{"@type":"SearchAction","target":{"@type":"EntryPoint","urlTemplate":"https:\/\/www.llyrwind.com\/cy?s={search_term_string}"},"query-input":"required name=search_term_string"}],"inLanguage":"cy-GB"}]}},"_links":{"self":[{"href":"https:\/\/www.llyrwind.com\/cy\/wp-json\/wp\/v2\/pages\/3118"}],"collection":[{"href":"https:\/\/www.llyrwind.com\/cy\/wp-json\/wp\/v2\/pages"}],"about":[{"href":"https:\/\/www.llyrwind.com\/cy\/wp-json\/wp\/v2\/types\/page"}],"author":[{"embeddable":true,"href":"https:\/\/www.llyrwind.com\/cy\/wp-json\/wp\/v2\/users\/1"}],"replies":[{"embeddable":true,"href":"https:\/\/www.llyrwind.com\/cy\/wp-json\/wp\/v2\/comments?post=3118"}],"version-history":[{"count":38,"href":"https:\/\/www.llyrwind.com\/cy\/wp-json\/wp\/v2\/pages\/3118\/revisions"}],"predecessor-version":[{"id":5682,"href":"https:\/\/www.llyrwind.com\/cy\/wp-json\/wp\/v2\/pages\/3118\/revisions\/5682"}],"wp:attachment":[{"href":"https:\/\/www.llyrwind.com\/cy\/wp-json\/wp\/v2\/media?parent=3118"}],"curies":[{"name":"wp","href":"https:\/\/api.w.org\/{rel}","templated":true}]}}