{"id":3133,"date":"2023-06-29T09:43:25","date_gmt":"2023-06-29T09:43:25","guid":{"rendered":"https:\/\/llyrwind.test.netsco.dev\/addysg-a-sgiliau"},"modified":"2023-06-29T09:43:26","modified_gmt":"2023-06-29T09:43:26","slug":"addysg-a-sgiliau","status":"publish","type":"page","link":"https:\/\/www.llyrwind.com\/cy\/addysg-a-sgiliau","title":{"rendered":"Addysg a Sgiliau"},"content":{"rendered":"<section class='block thumbnail   hero'  style=\"background-image:url(https:\/\/www.llyrwind.com\/wp-content\/uploads\/2023\/05\/Image-11-scaled.jpg)\">\n\t<div class=\"container container--wide\">\n\t\t\t<\/div>\n\t<span class=\"motif\"><\/span>\n<\/section><section class='block text-header  text-header--alt '>\n\t<div class=\"container\">\n\t\t\t\t\t<div class=\"text-header--header block--header\">\n\t\t\t\t<h2 style=\"font-weight: 400;\">Addysg<\/h2>\n<p style=\"font-weight: 400;\">Mae addysg ac allgymorth yn rhan annatod o&#8217;r hyn a wnawn. Rydym yn datblygu rhaglenni addysg ac allgymorth sy&#8217;n seiliedig ar wynt alltraeth arnofiol, gan annog datblygu hunanddarganfod, hybu lles corfforol ac ysbrydoli&#8217;r genhedlaeth iau i ystyried prosiectau ynni a thechnoleg newydd mewn ffordd uniongyrchol. Mae hyn yn cynnwys ymweliadau a phrofiadau i bobl ifanc ystyried y datblygiad yng nghyd-destun eu hamgylchedd lleol a datblygu eu dealltwriaeth o newid hinsawdd byd-eang ac ynni adnewyddadwy.<\/p>\n<p style=\"font-weight: 400;\">Mae ein rhaglenni yn anelu at:<\/p>\n<ul>\n<li style=\"font-weight: 400;\">Codi ymwybyddiaeth o&#8217;r cyfleoedd ar gyfer gwynt alltraeth arnofiol yn y M\u00f4r Celtaidd.<\/li>\n<li style=\"font-weight: 400;\">Ysbrydoli pynciau STEM fel gyrfa o ddewis i blant, pobl ifanc, newydd-ddyfodiaid a newidwyr gyrfa \u2013 yn enwedig gyda grwpiau heb gynrychiolaeth ddigonol a nodweddion gwarchodedig.<\/li>\n<li style=\"font-weight: 400;\">Hyrwyddo gwaith Floventis Energy fel partner dibynadwy, a chyd-gynhyrchydd cymunedol, gan weithio mewn partneriaeth i sicrhau&#8217;r buddion mwyaf posibl i&#8217;r economi werdd ar draws y rhanbarth a&#8217;r genedl.<\/li>\n<\/ul>\n<p>Rydym yn gweithio mewn partneriaeth ag awdurdodau lleol a llywodraethau Cymru a&#8217;r DU er mwyn cefnogi&#8217;r cwricwlwm ac ychwanegu gwerth at y gwaith presennol. Mae&#8217;r holl gynlluniau yn unol ag amcanion cynllun datblygu Dinas-ranbarth Bae Abertawe, Partneriaeth Sgiliau Rhanbarthol ac Ardaloedd Menter Cymru.<\/p>\n\t\t\t<\/div>\n\t\t\t<\/div>\n<\/section><section class=\"block text-image text-image--white \">\n\t<div class=\"container container--wide  image-left\">\n\t\t\t\t\t<div class=\"text-image--image  block--image\">\n          <img loading=\"lazy\" decoding=\"async\" width=\"1024\" height=\"629\" src=\"https:\/\/www.llyrwind.com\/wp-content\/uploads\/2023\/06\/mhorwood_Floventis_060623_6410-1024x629.jpg\" class=\"img-fluid\" alt=\"floventis education\" srcset=\"https:\/\/www.llyrwind.com\/wp-content\/uploads\/2023\/06\/mhorwood_Floventis_060623_6410-1024x629.jpg 1024w, https:\/\/www.llyrwind.com\/wp-content\/uploads\/2023\/06\/mhorwood_Floventis_060623_6410-300x184.jpg 300w, https:\/\/www.llyrwind.com\/wp-content\/uploads\/2023\/06\/mhorwood_Floventis_060623_6410-768x472.jpg 768w, https:\/\/www.llyrwind.com\/wp-content\/uploads\/2023\/06\/mhorwood_Floventis_060623_6410-1536x943.jpg 1536w, https:\/\/www.llyrwind.com\/wp-content\/uploads\/2023\/06\/mhorwood_Floventis_060623_6410-2048x1258.jpg 2048w\" sizes=\"(max-width: 1024px) 100vw, 1024px\" \/>\t\t\t<\/div>\n\t\t\t\t\t\t\t<div class=\"text-image--content block--content\">\n\t\t\t\t<h3>Astudiaeth Achos<\/h3>\n<p style=\"font-weight: 400;\"><em>Mae Floventis Energy yn gweithio gyda Chanolfan Darwin gyda her dylunio gwynt alltraeth bwrpasol ar gyfer plant ysgol gynradd leol. Mae&#8217;r gweithdai yn cynnwys trosolwg o newid yn yr hinsawdd, tanwyddau ffosil a manteision ynni adnewyddadwy gyda ffocws ar liniaru newid yn yr hinsawdd a chyfleoedd gwaith yn y dyfodol. Mae gan ysgolion yr opsiwn i ddewis rhwng dau weithdy gwahanol &#8211; un sy&#8217;n canolbwyntio ar ddylunio ac adeiladu llwyfan a&#8217;r llall yn canolbwyntio ar newid hinsawdd a chynllunio tyrbinau gwynt. Darperir adnoddau addysgol i&#8217;r ysgolion sy&#8217;n cymryd rhan.  <\/em><\/p>\n<p style=\"font-weight: 400;\"><em>Roedd yr her dylunio gwynt ar y m\u00f4r yn dilyn ein cystadleuaeth &#8216;Dwlu ar y M\u00f4r Celtaidd&#8217;, a oedd yn agored i holl blant Sir Benfro ym mlynyddoedd 3 i 6 ac a gychwynnodd ein partneriaeth \u00e2 Chanolfan Darwin. Nod y gystadleuaeth oedd i blant ddarparu gwaith celf a oedd yn dangos pam eu bod yn caru&#8217;r M\u00f4r Celtaidd a&#8217;r hyn y mae&#8217;n ei olygu i&#8217;w cenhedlaeth. Gwahoddwyd enillwyr y gystadleuaeth i gwrdd \u00e2&#8217;u AS lleol gyda thaith gyffrous o amgylch T\u0177&#8217;r Senedd, ac arddangoswyd pob cais yn y Senedd mewn digwyddiad gyda&#8217;r AS lleol a Gweinidog y Gymraeg ac Addysg.<\/em><\/p>\n\t\t\t<\/div>\n\t\t\t\t\t<\/div>\n<\/section>\n<section class=\"block text-image text-image--grey \">\n\t<div class=\"container container--wide  image-right\">\n\t\t\t\t\t<div class=\"text-image--image  block--image\">\n          <img loading=\"lazy\" decoding=\"async\" width=\"1024\" height=\"576\" src=\"https:\/\/www.llyrwind.com\/wp-content\/uploads\/2023\/05\/Image-9-1024x576.jpg\" class=\"img-fluid\" alt=\"\" srcset=\"https:\/\/www.llyrwind.com\/wp-content\/uploads\/2023\/05\/Image-9-1024x576.jpg 1024w, https:\/\/www.llyrwind.com\/wp-content\/uploads\/2023\/05\/Image-9-300x169.jpg 300w, https:\/\/www.llyrwind.com\/wp-content\/uploads\/2023\/05\/Image-9-768x432.jpg 768w, https:\/\/www.llyrwind.com\/wp-content\/uploads\/2023\/05\/Image-9-1536x864.jpg 1536w, https:\/\/www.llyrwind.com\/wp-content\/uploads\/2023\/05\/Image-9-2048x1152.jpg 2048w\" sizes=\"(max-width: 1024px) 100vw, 1024px\" \/>\t\t\t<\/div>\n\t\t\t\t\t\t\t<div class=\"text-image--content block--content\">\n\t\t\t\t<h2>Sgiliau a Hyfforddiant<\/h2>\n<p class=\"u-text-left\">Wrth i&#8217;r diwydiant gwynt ar y m\u00f4r ddatblygu, bydd yn creu cyfleoedd gwaith cynaliadwy hirdymor.<\/p>\n<p class=\"u-text-left\">Rydym yn gweithio gyda&#8217;n partneriaid technoleg, y gadwyn gyflenwi, Llywodraeth Cymru, ORE Catapult, Bargen Ddinesig Bae Abertawe a&#8217;r Partneriaethau Dysgu Rhanbarthol yng Nghymru i sicrhau ein bod yn deall ein gofynion llafur yn y dyfodol.<\/p>\n<p class=\"u-text-left\">Bydd cydweithio \u00e2&#8217;r Llywodraeth a darparwyr addysg a hyfforddiant i gefnogi cyflwyno swyddi newydd yn y diwydiant gwynt ar y m\u00f4r yn cael eu blaenoriaethu wrth i&#8217;n cynlluniau ar gyfer y dyfodol fynd yn eu blaen. Bydd hyn yn cynnwys uwchsgilio gweithwyr presennol a sicrhau llwybr hirdymor trwy addysg a&#8217;r byd academaidd.<\/p>\n<p class=\"u-text-left\">Byddwn yn cyhoeddi mwy o wybodaeth yn fuan.<\/p>\n\t\t\t<\/div>\n\t\t\t\t\t<\/div>\n<\/section>\n","protected":false},"excerpt":{"rendered":"","protected":false},"author":1,"featured_media":0,"parent":0,"menu_order":0,"comment_status":"closed","ping_status":"closed","template":"","meta":{"footnotes":""},"acf":[],"yoast_head":"<!-- This site is optimized with the Yoast SEO plugin v21.6 - https:\/\/yoast.com\/wordpress\/plugins\/seo\/ -->\n<title>Addysg a Sgiliau - Llyr<\/title>\n<meta name=\"robots\" content=\"index, follow, max-snippet:-1, max-image-preview:large, max-video-preview:-1\" \/>\n<link rel=\"canonical\" href=\"https:\/\/www.llyrwind.com\/cy\/addysg-a-sgiliau\" \/>\n<meta property=\"og:locale\" content=\"cy_GB\" \/>\n<meta property=\"og:type\" content=\"article\" \/>\n<meta property=\"og:title\" content=\"Addysg a Sgiliau - Llyr\" \/>\n<meta property=\"og:url\" content=\"https:\/\/www.llyrwind.com\/cy\/addysg-a-sgiliau\" \/>\n<meta property=\"og:site_name\" content=\"Llyr\" \/>\n<meta property=\"article:modified_time\" content=\"2023-06-29T09:43:26+00:00\" \/>\n<meta name=\"twitter:card\" content=\"summary_large_image\" \/>\n<script type=\"application\/ld+json\" class=\"yoast-schema-graph\">{\"@context\":\"https:\/\/schema.org\",\"@graph\":[{\"@type\":\"WebPage\",\"@id\":\"https:\/\/www.llyrwind.com\/cy\/addysg-a-sgiliau\",\"url\":\"https:\/\/www.llyrwind.com\/cy\/addysg-a-sgiliau\",\"name\":\"Addysg a Sgiliau - Llyr\",\"isPartOf\":{\"@id\":\"https:\/\/www.llyrwind.com\/cy#website\"},\"datePublished\":\"2023-06-29T09:43:25+00:00\",\"dateModified\":\"2023-06-29T09:43:26+00:00\",\"inLanguage\":\"cy-GB\",\"potentialAction\":[{\"@type\":\"ReadAction\",\"target\":[\"https:\/\/www.llyrwind.com\/cy\/addysg-a-sgiliau\"]}]},{\"@type\":\"WebSite\",\"@id\":\"https:\/\/www.llyrwind.com\/cy#website\",\"url\":\"https:\/\/www.llyrwind.com\/cy\",\"name\":\"Llyr\",\"description\":\"\",\"potentialAction\":[{\"@type\":\"SearchAction\",\"target\":{\"@type\":\"EntryPoint\",\"urlTemplate\":\"https:\/\/www.llyrwind.com\/cy?s={search_term_string}\"},\"query-input\":\"required name=search_term_string\"}],\"inLanguage\":\"cy-GB\"}]}<\/script>\n<!-- \/ Yoast SEO plugin. -->","yoast_head_json":{"title":"Addysg a Sgiliau - Llyr","robots":{"index":"index","follow":"follow","max-snippet":"max-snippet:-1","max-image-preview":"max-image-preview:large","max-video-preview":"max-video-preview:-1"},"canonical":"https:\/\/www.llyrwind.com\/cy\/addysg-a-sgiliau","og_locale":"cy_GB","og_type":"article","og_title":"Addysg a Sgiliau - Llyr","og_url":"https:\/\/www.llyrwind.com\/cy\/addysg-a-sgiliau","og_site_name":"Llyr","article_modified_time":"2023-06-29T09:43:26+00:00","twitter_card":"summary_large_image","schema":{"@context":"https:\/\/schema.org","@graph":[{"@type":"WebPage","@id":"https:\/\/www.llyrwind.com\/cy\/addysg-a-sgiliau","url":"https:\/\/www.llyrwind.com\/cy\/addysg-a-sgiliau","name":"Addysg a Sgiliau - Llyr","isPartOf":{"@id":"https:\/\/www.llyrwind.com\/cy#website"},"datePublished":"2023-06-29T09:43:25+00:00","dateModified":"2023-06-29T09:43:26+00:00","inLanguage":"cy-GB","potentialAction":[{"@type":"ReadAction","target":["https:\/\/www.llyrwind.com\/cy\/addysg-a-sgiliau"]}]},{"@type":"WebSite","@id":"https:\/\/www.llyrwind.com\/cy#website","url":"https:\/\/www.llyrwind.com\/cy","name":"Llyr","description":"","potentialAction":[{"@type":"SearchAction","target":{"@type":"EntryPoint","urlTemplate":"https:\/\/www.llyrwind.com\/cy?s={search_term_string}"},"query-input":"required name=search_term_string"}],"inLanguage":"cy-GB"}]}},"_links":{"self":[{"href":"https:\/\/www.llyrwind.com\/cy\/wp-json\/wp\/v2\/pages\/3133"}],"collection":[{"href":"https:\/\/www.llyrwind.com\/cy\/wp-json\/wp\/v2\/pages"}],"about":[{"href":"https:\/\/www.llyrwind.com\/cy\/wp-json\/wp\/v2\/types\/page"}],"author":[{"embeddable":true,"href":"https:\/\/www.llyrwind.com\/cy\/wp-json\/wp\/v2\/users\/1"}],"replies":[{"embeddable":true,"href":"https:\/\/www.llyrwind.com\/cy\/wp-json\/wp\/v2\/comments?post=3133"}],"version-history":[{"count":1,"href":"https:\/\/www.llyrwind.com\/cy\/wp-json\/wp\/v2\/pages\/3133\/revisions"}],"predecessor-version":[{"id":3135,"href":"https:\/\/www.llyrwind.com\/cy\/wp-json\/wp\/v2\/pages\/3133\/revisions\/3135"}],"wp:attachment":[{"href":"https:\/\/www.llyrwind.com\/cy\/wp-json\/wp\/v2\/media?parent=3133"}],"curies":[{"name":"wp","href":"https:\/\/api.w.org\/{rel}","templated":true}]}}