{"id":3139,"date":"2023-06-29T09:43:26","date_gmt":"2023-06-29T09:43:26","guid":{"rendered":"https:\/\/llyrwind.test.netsco.dev\/ynghylch\/ein-tim"},"modified":"2025-01-07T11:30:39","modified_gmt":"2025-01-07T11:30:39","slug":"ein-tim","status":"publish","type":"page","link":"https:\/\/www.llyrwind.com\/cy\/ynghylch\/ein-tim","title":{"rendered":"Ein T\u00eem"},"content":{"rendered":"<section class='block thumbnail   hero'  style=\"background-image:url(https:\/\/www.llyrwind.com\/wp-content\/uploads\/2023\/05\/Image-16-scaled.jpg)\">\n\t<div class=\"container container--wide\">\n\t\t\t\t\t<div class=\"hero--content block--content\">\n\t\t\t\t<h1>Cwrdd \u00e2&#8217;r t\u00eem sy&#8217;n datblygu Ll\u0177r<\/h1>\n                \t\t\t<\/div>\n\t\t\t<\/div>\n\t<span class=\"motif\"><\/span>\n<\/section>\r\n<section class=\"team-members block\">\r\n    <div class=\"container container--wide\">\r\n\r\n                            <h2>Ein T\u00eem Arwain<\/h2>\r\n            \r\n                             <div class=\"xs-inner-container\">\r\n                    <p>Mae&#8217;r T\u00eem Arweinyddiaeth yn gr\u0175p unigryw ymarferol, sy&#8217;n gyfrifol am lywio cyfeiriad strategol y Prosiect. Mae&#8217;n cynnwys t\u00eem angerddol a brwdfrydig o arloeswyr gwynt ar y m\u00f4r sydd wedi gweithredu prosiectau ynni adnewyddadwy yn llwyddiannus ledled y byd.<\/p>\n                <\/div>\r\n                                <div class=\"team-members__entries\">\r\n                                    <div class=\"team-members__entry\">\r\n                        <img decoding=\"async\" src=\"https:\/\/www.llyrwind.com\/wp-content\/uploads\/2023\/02\/David-Keenlyside-300x200.jpg\" alt=\"David Keenlyside\">\r\n                        <h4>David Keenlyside<\/h4>\r\n                        <h5>Cyfarwyddwr Peirianneg<\/h5>\r\n                        <a href=\"#team-member-3215\" data-lity class=\"u-btn u-btn--outline\">Find out more<\/a>\r\n                        <div class=\"lity-hide\" id=\"team-member-3215\">\r\n                            <div class=\"team-members__lity\">\r\n                                <img decoding=\"async\" src=\"https:\/\/www.llyrwind.com\/wp-content\/uploads\/2023\/02\/David-Keenlyside-300x200.jpg\" alt=\"David Keenlyside\">\r\n                                <h3>David Keenlyside<\/h3>\r\n                                <h4>Cyfarwyddwr Peirianneg<\/h4>\r\n                                <div class=\"team-members__lity__content\">Mae David yn Beiriannydd Strwythurol Siartredig ac mae&#8217;n dod \u00e2 rhyw 30 mlynedd o brofiad gyda phrofiad unigryw ar y m\u00f4r o ddegawdau o ddylunio, cyflwyno a rheoli prosiectau cymhleth mewn amgylchedd amlddisgyblaethol ac aml-leoliadol sy&#8217;n darparu atebion dylunio cost effeithiol. Mae gan David 10 mlynedd o brofiad peirianneg mewn prosiectau gwynt ar y m\u00f4r o&#8217;r cysyniad trwy FEED, dylunio manwl, gwneuthuriad gweithgynhyrchu i osod a gweithredu, yn ddiweddar gyda ffocws ar y sector gwynt sy&#8217;n arnofio. Fel Cyfarwyddwr Peirianneg mae David yn arwain t\u00eem profiadol a chymwys iawn o beirianwyr amlddisgyblaeth. Mae ei gylch gwaith yn cwmpasu cylch bywyd y prosiect cyfan.<\/div>\r\n                            <\/div>\r\n                        <\/div>\r\n                    <\/div>\r\n                                    <div class=\"team-members__entry\">\r\n                        <img decoding=\"async\" src=\"https:\/\/www.llyrwind.com\/wp-content\/uploads\/2023\/02\/Marc-Murray-300x200.jpg\" alt=\"Marc Murray\">\r\n                        <h4>Marc Murray<\/h4>\r\n                        <h5>Cyfarwyddwr Datblygu<\/h5>\r\n                        <a href=\"#team-member-3216\" data-lity class=\"u-btn u-btn--outline\">Find out more<\/a>\r\n                        <div class=\"lity-hide\" id=\"team-member-3216\">\r\n                            <div class=\"team-members__lity\">\r\n                                <img decoding=\"async\" src=\"https:\/\/www.llyrwind.com\/wp-content\/uploads\/2023\/02\/Marc-Murray-300x200.jpg\" alt=\"Marc Murray\">\r\n                                <h3>Marc Murray<\/h3>\r\n                                <h4>Cyfarwyddwr Datblygu<\/h4>\r\n                                <div class=\"team-members__lity__content\">Yn Amgylcheddwr Siartredig ac yn aelod llawn o IEMA, mae gan Marc BSc (Anrh) mewn Gwyddor yr Amgylchedd, M.Sc. mewn Rheolaeth Amgylcheddol. Yn gyfrifol am adnabod a datblygu prosiectau gwynt arnofio arloesol yn y M\u00f4r Celtaidd ac Arfordir Gorllewin yr Unol Daleithiau, mae gan Marc brofiad helaeth o gymryd prosiectau ynni morol trwy adnabod safleoedd, datblygu, adeiladu a chydymffurfio gweithredol.<\/div>\r\n                            <\/div>\r\n                        <\/div>\r\n                    <\/div>\r\n                                    <div class=\"team-members__entry\">\r\n                        <img decoding=\"async\" src=\"https:\/\/www.llyrwind.com\/wp-content\/uploads\/2023\/02\/Tess-Blazey-300x200.jpg\" alt=\"Tess Blazey\">\r\n                        <h4>Tess Blazey<\/h4>\r\n                        <h5>Cyfarwyddwr Polisi a Chysylltiadau Allanol<\/h5>\r\n                        <a href=\"#team-member-3230\" data-lity class=\"u-btn u-btn--outline\">Find out more<\/a>\r\n                        <div class=\"lity-hide\" id=\"team-member-3230\">\r\n                            <div class=\"team-members__lity\">\r\n                                <img decoding=\"async\" src=\"https:\/\/www.llyrwind.com\/wp-content\/uploads\/2023\/02\/Tess-Blazey-300x200.jpg\" alt=\"Tess Blazey\">\r\n                                <h3>Tess Blazey<\/h3>\r\n                                <h4>Cyfarwyddwr Polisi a Chysylltiadau Allanol<\/h4>\r\n                                <div class=\"team-members__lity__content\">Mae gan Tess dros 20 mlynedd o brofiad ym meysydd cysylltiadau \u00e2 rhanddeiliaid, cyfathrebu a digwyddiadau. Ar \u00f4l cyflwyno digwyddiadau rhyngwladol mawr ar lwyfan y byd, mae hi wedi rheoli rhaglenni ymgynghori, cyfathrebu a materion cyhoeddus integredig dros y degawd diwethaf ar gyfer prosiectau seilwaith o arwyddoc\u00e2d cenedlaethol. Yn feddyliwr strategol addasol mae ganddi brofiad sylweddol o weithio gyda&#8217;r llywodraeth, arweinwyr busnes, academyddion a&#8217;r gymuned wrth baratoi rhaglenni i sicrhau bod cymynroddion hirdymor diwydiannau newydd o fudd i&#8217;r rhai sy&#8217;n byw yn y rhanbarth lle c\u00e2nt eu cynnal.<\/div>\r\n                            <\/div>\r\n                        <\/div>\r\n                    <\/div>\r\n                                    <div class=\"team-members__entry\">\r\n                        <img decoding=\"async\" src=\"https:\/\/www.llyrwind.com\/wp-content\/uploads\/2023\/06\/Rectangle-1532@2x-600x600-1.png\" alt=\"Scott Harper\">\r\n                        <h4>Scott Harper<\/h4>\r\n                        <h5>Prif Swyddog Gweithredol<\/h5>\r\n                        <a href=\"#team-member-3234\" data-lity class=\"u-btn u-btn--outline\">Find out more<\/a>\r\n                        <div class=\"lity-hide\" id=\"team-member-3234\">\r\n                            <div class=\"team-members__lity\">\r\n                                <img decoding=\"async\" src=\"https:\/\/www.llyrwind.com\/wp-content\/uploads\/2023\/06\/Rectangle-1532@2x-600x600-1.png\" alt=\"Scott Harper\">\r\n                                <h3>Scott Harper<\/h3>\r\n                                <h4>Prif Swyddog Gweithredol<\/h4>\r\n                                <div class=\"team-members__lity__content\">Mae Scott yn dod ag 20 mlynedd o brofiad eang o ddatblygu prosiectau, cyllid ac ymgymryd \u00e2 phrosiectau strategol wrth ddatblygu marchnadoedd. Dros y 10 mlynedd diwethaf, mae Scott wedi bod yn ymwneud \u00e2&#8217;r sector gwynt ar y m\u00f4r gan reoli arloesedd technoleg a datblygu prosiectau.<\/div>\r\n                            <\/div>\r\n                        <\/div>\r\n                    <\/div>\r\n                                    <div class=\"team-members__entry\">\r\n                        <img decoding=\"async\" src=\"https:\/\/www.llyrwind.com\/wp-content\/uploads\/2023\/06\/mikeal.png\" alt=\"Mikael Jakobsson\">\r\n                        <h4>Mikael Jakobsson<\/h4>\r\n                        <h5>Sylfaenydd a Chadeirydd<\/h5>\r\n                        <a href=\"#team-member-3235\" data-lity class=\"u-btn u-btn--outline\">Find out more<\/a>\r\n                        <div class=\"lity-hide\" id=\"team-member-3235\">\r\n                            <div class=\"team-members__lity\">\r\n                                <img decoding=\"async\" src=\"https:\/\/www.llyrwind.com\/wp-content\/uploads\/2023\/06\/mikeal.png\" alt=\"Mikael Jakobsson\">\r\n                                <h3>Mikael Jakobsson<\/h3>\r\n                                <h4>Sylfaenydd a Chadeirydd<\/h4>\r\n                                <div class=\"team-members__lity__content\">Sefydlodd Mikael Gorfforaeth CIERCO yn 2001. Gyda 33 mlynedd o brofiad yn y sector gwynt, mae Mikael wedi dal swyddi rheoli uwch gyda rhai o&#8217;r enwau mwyaf a mwyaf blaengar yn y busnes, gan gynnwys Wind World, BTM, Enron, EDF\/Aircole a 2B Energy. Dechreuodd ei dyrbin alltraeth cyntaf droi yn 1989 ac ers hynny mae wedi meithrin gwybodaeth heb ei ail o&#8217;r sector ynni gwynt o ddatblygu i ddealltwriaeth technoleg ddyfnach yn ogystal \u00e2 phrofiad gweithredol.<\/div>\r\n                            <\/div>\r\n                        <\/div>\r\n                    <\/div>\r\n                            <\/div>\r\n            <\/div>\r\n<\/section>\r\n","protected":false},"excerpt":{"rendered":"","protected":false},"author":8,"featured_media":0,"parent":3118,"menu_order":0,"comment_status":"closed","ping_status":"closed","template":"","meta":{"footnotes":""},"acf":[],"yoast_head":"<!-- This site is optimized with the Yoast SEO plugin v21.6 - https:\/\/yoast.com\/wordpress\/plugins\/seo\/ -->\n<title>Ein T\u00eem - Llyr<\/title>\n<meta name=\"robots\" content=\"index, follow, max-snippet:-1, max-image-preview:large, max-video-preview:-1\" \/>\n<link rel=\"canonical\" href=\"https:\/\/www.llyrwind.com\/cy\/ynghylch\/ein-tim\" \/>\n<meta property=\"og:locale\" content=\"cy_GB\" \/>\n<meta property=\"og:type\" content=\"article\" \/>\n<meta property=\"og:title\" content=\"Ein T\u00eem - Llyr\" \/>\n<meta property=\"og:url\" content=\"https:\/\/www.llyrwind.com\/cy\/ynghylch\/ein-tim\" \/>\n<meta property=\"og:site_name\" content=\"Llyr\" \/>\n<meta property=\"article:modified_time\" content=\"2025-01-07T11:30:39+00:00\" \/>\n<meta name=\"twitter:card\" content=\"summary_large_image\" \/>\n<script type=\"application\/ld+json\" class=\"yoast-schema-graph\">{\"@context\":\"https:\/\/schema.org\",\"@graph\":[{\"@type\":\"WebPage\",\"@id\":\"https:\/\/www.llyrwind.com\/cy\/ynghylch\/ein-tim\",\"url\":\"https:\/\/www.llyrwind.com\/cy\/ynghylch\/ein-tim\",\"name\":\"Ein T\u00eem - Llyr\",\"isPartOf\":{\"@id\":\"https:\/\/www.llyrwind.com\/cy#website\"},\"datePublished\":\"2023-06-29T09:43:26+00:00\",\"dateModified\":\"2025-01-07T11:30:39+00:00\",\"breadcrumb\":{\"@id\":\"https:\/\/www.llyrwind.com\/cy\/ynghylch\/ein-tim#breadcrumb\"},\"inLanguage\":\"cy-GB\",\"potentialAction\":[{\"@type\":\"ReadAction\",\"target\":[\"https:\/\/www.llyrwind.com\/cy\/ynghylch\/ein-tim\"]}]},{\"@type\":\"BreadcrumbList\",\"@id\":\"https:\/\/www.llyrwind.com\/cy\/ynghylch\/ein-tim#breadcrumb\",\"itemListElement\":[{\"@type\":\"ListItem\",\"position\":1,\"name\":\"Ynghylch\",\"item\":\"https:\/\/www.llyrwind.com\/cy\/ynghylch\"},{\"@type\":\"ListItem\",\"position\":2,\"name\":\"Ein T\u00eem\"}]},{\"@type\":\"WebSite\",\"@id\":\"https:\/\/www.llyrwind.com\/cy#website\",\"url\":\"https:\/\/www.llyrwind.com\/cy\",\"name\":\"Llyr\",\"description\":\"\",\"potentialAction\":[{\"@type\":\"SearchAction\",\"target\":{\"@type\":\"EntryPoint\",\"urlTemplate\":\"https:\/\/www.llyrwind.com\/cy?s={search_term_string}\"},\"query-input\":\"required name=search_term_string\"}],\"inLanguage\":\"cy-GB\"}]}<\/script>\n<!-- \/ Yoast SEO plugin. -->","yoast_head_json":{"title":"Ein T\u00eem - Llyr","robots":{"index":"index","follow":"follow","max-snippet":"max-snippet:-1","max-image-preview":"max-image-preview:large","max-video-preview":"max-video-preview:-1"},"canonical":"https:\/\/www.llyrwind.com\/cy\/ynghylch\/ein-tim","og_locale":"cy_GB","og_type":"article","og_title":"Ein T\u00eem - Llyr","og_url":"https:\/\/www.llyrwind.com\/cy\/ynghylch\/ein-tim","og_site_name":"Llyr","article_modified_time":"2025-01-07T11:30:39+00:00","twitter_card":"summary_large_image","schema":{"@context":"https:\/\/schema.org","@graph":[{"@type":"WebPage","@id":"https:\/\/www.llyrwind.com\/cy\/ynghylch\/ein-tim","url":"https:\/\/www.llyrwind.com\/cy\/ynghylch\/ein-tim","name":"Ein T\u00eem - Llyr","isPartOf":{"@id":"https:\/\/www.llyrwind.com\/cy#website"},"datePublished":"2023-06-29T09:43:26+00:00","dateModified":"2025-01-07T11:30:39+00:00","breadcrumb":{"@id":"https:\/\/www.llyrwind.com\/cy\/ynghylch\/ein-tim#breadcrumb"},"inLanguage":"cy-GB","potentialAction":[{"@type":"ReadAction","target":["https:\/\/www.llyrwind.com\/cy\/ynghylch\/ein-tim"]}]},{"@type":"BreadcrumbList","@id":"https:\/\/www.llyrwind.com\/cy\/ynghylch\/ein-tim#breadcrumb","itemListElement":[{"@type":"ListItem","position":1,"name":"Ynghylch","item":"https:\/\/www.llyrwind.com\/cy\/ynghylch"},{"@type":"ListItem","position":2,"name":"Ein T\u00eem"}]},{"@type":"WebSite","@id":"https:\/\/www.llyrwind.com\/cy#website","url":"https:\/\/www.llyrwind.com\/cy","name":"Llyr","description":"","potentialAction":[{"@type":"SearchAction","target":{"@type":"EntryPoint","urlTemplate":"https:\/\/www.llyrwind.com\/cy?s={search_term_string}"},"query-input":"required name=search_term_string"}],"inLanguage":"cy-GB"}]}},"_links":{"self":[{"href":"https:\/\/www.llyrwind.com\/cy\/wp-json\/wp\/v2\/pages\/3139"}],"collection":[{"href":"https:\/\/www.llyrwind.com\/cy\/wp-json\/wp\/v2\/pages"}],"about":[{"href":"https:\/\/www.llyrwind.com\/cy\/wp-json\/wp\/v2\/types\/page"}],"author":[{"embeddable":true,"href":"https:\/\/www.llyrwind.com\/cy\/wp-json\/wp\/v2\/users\/8"}],"replies":[{"embeddable":true,"href":"https:\/\/www.llyrwind.com\/cy\/wp-json\/wp\/v2\/comments?post=3139"}],"version-history":[{"count":11,"href":"https:\/\/www.llyrwind.com\/cy\/wp-json\/wp\/v2\/pages\/3139\/revisions"}],"predecessor-version":[{"id":5560,"href":"https:\/\/www.llyrwind.com\/cy\/wp-json\/wp\/v2\/pages\/3139\/revisions\/5560"}],"up":[{"embeddable":true,"href":"https:\/\/www.llyrwind.com\/cy\/wp-json\/wp\/v2\/pages\/3118"}],"wp:attachment":[{"href":"https:\/\/www.llyrwind.com\/cy\/wp-json\/wp\/v2\/media?parent=3139"}],"curies":[{"name":"wp","href":"https:\/\/api.w.org\/{rel}","templated":true}]}}