{"id":3141,"date":"2023-06-29T09:43:26","date_gmt":"2023-06-29T09:43:26","guid":{"rendered":"https:\/\/llyrwind.test.netsco.dev\/cwestiynau-cyffredin"},"modified":"2025-01-08T13:05:36","modified_gmt":"2025-01-08T13:05:36","slug":"cwestiynau-cyffredin","status":"publish","type":"page","link":"https:\/\/www.llyrwind.com\/cy\/cwestiynau-cyffredin","title":{"rendered":"Cwestiynau Cyffredin"},"content":{"rendered":"<section class='block thumbnail   hero'  style=\"background-image:url(https:\/\/www.llyrwind.com\/wp-content\/uploads\/2023\/05\/Image-16-1-scaled.jpg)\">\n\t<div class=\"container container--wide\">\n\t\t\t\t\t<div class=\"hero--content block--content\">\n\t\t\t\t<h1>Cwestiynau a Ofynnir yn Aml (FAQ)<\/h1>\n                \t\t\t<\/div>\n\t\t\t<\/div>\n\t<span class=\"motif\"><\/span>\n<\/section><section class='block accordion'>\n\t<div class=\"container\">\n\t\t\t\t\t<div class=\"accordion--content block--content\">\n\t\t\t\t<p class=\"u-text-left\">Yn dilyn ymgysylltu \u00e2 rhanddeiliaid hyd yma, rydym wedi llunio rhestr o Gwestiynau Cyffredin (FAQs) i gwmpasu&#8217;r ymholiadau mwyaf cyffredin sydd wedi codi mewn perthynas \u00e2&#8217;n cynlluniau i ddatblygu fferm wynt alltraeth fel y bo&#8217;r angen yn y M\u00f4r Celtaidd. Wrth i ni barhau i ddatblygu&#8217;r prosiect a&#8217;n cynlluniau esblygu, byddwn yn diweddaru&#8217;r rhestr hon o gwestiynau cyffredin wrth i gwestiynau newydd godi.<\/p>\n\t\t\t<\/div>\n\t\t\n\t\t<div class=\"accordion--items block--items\">\n\t\t\t\t\t\t\t<div class=\"accordion--item active\">\n\t\t\t\t\t<h3 class=\"accordion--item__title\">Pwy yw Cierco?<\/h3>\n\t\t\t\t\t<div class=\"accordion--item__content\" style=\"display:  active\"><p>Mae Cierco yn gwmni datblygu prosiect ynni adnewyddadwy annibynnol a sefydlwyd yn 2001 gyda nod syml i gymryd rhan ym maes p\u0175er gwynt arnofiol ar y m\u00f4r ac i yrru technolegau a phrosiectau i gyrraedd lefelau costau sy&#8217;n gystadleuol \u00e2 rhai p\u0175er confensiynol. Mae t\u00eem Cierco yn cynnwys unigolion o ystod eang o gefndiroedd ond gydag un peth yn gyffredin &#8211; ymgyrch i newid y ffordd rydyn ni&#8217;n meddwl am y trawsnewidiad ynni carbon isel.<\/p>\n<\/div>\n\t\t\t\t<\/div>\n\t\t\t\t\t\t\t<div class=\"accordion--item\">\n\t\t\t\t\t<h3 class=\"accordion--item__title\">Beth sy&#8217;n arnofio gwynt ar y m\u00f4r?<\/h3>\n\t\t\t\t\t<div class=\"accordion--item__content\" style=\"display: none\"><p>Gwynt alltraeth arnofiol yw&#8217;r defnydd o dyrbinau yn seiliedig ar strwythurau arnofiol sy&#8217;n caniat\u00e1u i&#8217;r tyrbin gynhyrchu p\u0175er mewn dyfnderoedd d\u0175r nad yw&#8217;n ymarferol ar gyfer tyrbinau gwaelod sefydlog. Mae&#8217;r strwythurau arnofiol yn debyg i lwyfannau arnofio sydd wedi cael eu defnyddio ers degawdau yn y diwydiant olew a nwy, oherwydd hynny, maent wedi&#8217;u cynllunio i gadw&#8217;r strwythur yn sefydlog tra ar y m\u00f4r. Mae&#8217;r tyrbinau arnofiol wedi&#8217;u cysylltu \u00e2 gwely&#8217;r m\u00f4r gydag angorau a llinellau angori sy&#8217;n galluogi gosod ffermydd gwynt arnofiol mewn dyfroedd dyfnach o lawer ac ymhellach allan i&#8217;r m\u00f4r. Mae gan hyn nifer o fanteision, o fanteisio ar wyntoedd cryfach a mwy cyson, i leihau effeithiau gweledol ac amgylcheddol. Mae technolegau gwynt ar y m\u00f4r sy&#8217;n arnofio hefyd yn datgloi buddion economaidd mawr a chyfleoedd cadwyn gyflenwi i&#8217;r ardal leol.<br \/>\n\u2022 Mae potensial i&#8217;r gymuned bysgota a&#8217;r datblygwyr gwynt ar y m\u00f4r weithio law yn llaw i leihau aflonyddwch a lle bo hynny&#8217;n bosibl gwella adnoddau pysgod i ganiat\u00e1u diwydiant cynaliadwy i&#8217;r ddau.<\/p>\n<\/div>\n\t\t\t\t<\/div>\n\t\t\t\t\t\t\t<div class=\"accordion--item\">\n\t\t\t\t\t<h3 class=\"accordion--item__title\">Pam mae angen gwynt arnofiol?<\/h3>\n\t\t\t\t\t<div class=\"accordion--item__content\" style=\"display: none\"><p>Mae datblygu gwynt alltraeth arnofiol yn hanfodol i ddatgarboneiddio cyflenwad ynni&#8217;r DU a mynd i&#8217;r afael \u00e2 newid yn yr hinsawdd. Mae Llywodraeth y DU wedi gosod targedau pwysig i lywio&#8217;r newid i ddyfodol carbon sero-l\u00e2n gyda&#8217;r nod cyffredinol o gyrraedd allyriadau nwyon t\u0177 gwydr sero net erbyn 2050. Mae gan y DU dargedau i ddatblygu 1GW o wynt alltraeth arnofiol erbyn 2030, a 4GW erbyn 2035. Mae prosiectau Ll\u0177r yn gwneud cyfraniad sylweddol at gyrraedd targed y DU ar gyfer 1GW o wynt alltraeth arnofiol erbyn 2030.<\/p>\n<\/div>\n\t\t\t\t<\/div>\n\t\t\t\t\t\t\t<div class=\"accordion--item\">\n\t\t\t\t\t<h3 class=\"accordion--item__title\">Pam wnaethoch chi ddewis y wefan hon?<\/h3>\n\t\t\t\t\t<div class=\"accordion--item__content\" style=\"display: none\"><p>Mae&#8217;r M\u00f4r Celtaidd yn cynnig potensial adnoddau gwynt ardderchog ar gyfer gweithredu technoleg gwynt ar y m\u00f4r fel y bo&#8217;r angen. Mae hwn yn adnodd carbon isel sylweddol sydd wedi bod yn anghyraeddadwy o&#8217;r blaen oherwydd dyfnder y d\u0175r. Yn ogystal, mae adroddiadau&#8217;n awgrymu bod gan y M\u00f4r Celtaidd batrymau tywydd gwahanol i F\u00f4r y Gogledd sy&#8217;n golygu y bydd manteision system i grid y DU.<\/p>\n<p>Fe wnaethom nodi&#8217;r safle posibl yn gynnar cyn i Yst\u00e2d y Goron ddod allan i ymgynghoriad ynghylch rhaglen prydlesu fasnachol. Roeddem mewn ymgynghoriad ag Yst\u00e2d y Goron am ddeunaw mis yn ymchwilio i ddichonoldeb y safle.<\/p>\n<\/div>\n\t\t\t\t<\/div>\n\t\t\t\t\t\t\t<div class=\"accordion--item\">\n\t\t\t\t\t<h3 class=\"accordion--item__title\">Pa mor bell yw&#8217;r safleoedd o&#8217;r tir?<br \/>\n<\/h3>\n\t\t\t\t\t<div class=\"accordion--item__content\" style=\"display: none\"><p>Mae prosiectau Ll\u0177r 1 a 2 wedi eu lleoli yn eu man agosaf, mae ymyl pob prosiect oddeutu 38km a 31km o arfordir Cymru a 67km a 57km o arfordir Dyfnaint.<\/p>\n<\/div>\n\t\t\t\t<\/div>\n\t\t\t\t\t\t\t<div class=\"accordion--item\">\n\t\t\t\t\t<h3 class=\"accordion--item__title\">Faint o gartrefi fyddwch chi&#8217;n eu pweru?<\/h3>\n\t\t\t\t\t<div class=\"accordion--item__content\" style=\"display: none\"><p>Bydd y prosiect yn pweru tua 200,000 1<sup>1<\/sup><sup><span class=\"text-reference\"><\/p>\n<p><\/span> o gartrefi gyda 200MW o ynni gl\u00e2n, gwyrdd.<\/sup><\/p>\n<\/div>\n\t\t\t\t<\/div>\n\t\t\t\t\t\t\t<div class=\"accordion--item\">\n\t\t\t\t\t<h3 class=\"accordion--item__title\">Lle fyddwch chi&#8217;n cysylltu \u00e2&#8217;r grid?<\/h3>\n\t\t\t\t\t<div class=\"accordion--item__content\" style=\"display: none\"><p>Mae angen i&#8217;r prosiect gysylltu \u00e2&#8217;r grid yn y lleoliad gorau posibl o ran gallu ac effeithlonrwydd trosglwyddo. Rydym wedi gwneud cais i gysylltu yn y Grid Cenedlaethol Point of Connection ym Mhenfro. Er mwyn cyflawni hyn, bydd angen i ni ddod \u00e2&#8217;r ceblau o&#8217;r arfordir i&#8217;r pwynt cysylltiad ac adeiladu is-orsaf. Bydd unrhyw effaith weledol yn cael ei leihau gyda chynlluniau i gladdu&#8217;r ceblau o&#8217;r draethlin i&#8217;r isorsaf.<\/p>\n<\/div>\n\t\t\t\t<\/div>\n\t\t\t\t\t\t\t<div class=\"accordion--item\">\n\t\t\t\t\t<h3 class=\"accordion--item__title\">Lle fyddwch chi&#8217;n dod \u00e2&#8217;r ceblau ar y tir?<\/h3>\n\t\t\t\t\t<div class=\"accordion--item__content\" style=\"display: none\"><p>Mae&#8217;r llwybrau cebl ar y m\u00f4r ac ar y tir yn cael eu hystyried ar hyn o bryd a byddant yn cael eu nodi yn dilyn yr asesiadau technegol a&#8217;r ymgynghoriad \u00e2 rhanddeiliaid. Ein nod yw gweithio gyda datblygwyr eraill yn y M\u00f4r Celtaidd i sicrhau atebion ceblau sy&#8217;n lleihau rhyngweithiadau amgylcheddol, effaith ar weithgareddau masnachol cyfagos, a phryderon rhanddeiliaid. Ein bwriad yw rhannu a chydleoli llwybrau cebl lle bynnag y bo hynny&#8217;n ymarferol yn dechnegol ac yn fasnachol. Mae ein llwybr cebl allforio presennol a ffafrir yn nodi mai Bae Freshwater yw&#8217;r tiriad gorau, er bod llwybrau amgen eraill yn cael eu hystyried ac yn cael asesiadau peirianneg dechnegol.<\/p>\n<\/div>\n\t\t\t\t<\/div>\n\t\t\t\t\t\t\t<div class=\"accordion--item\">\n\t\t\t\t\t<h3 class=\"accordion--item__title\">Pwy yw eich partneriaid technoleg?<\/h3>\n\t\t\t\t\t<div class=\"accordion--item__content\" style=\"display: none\"><p>Rydym yn ystyried sawl technoleg ar gyfer y tyrbinau a&#8217;r arnofion. Disgwylir i&#8217;n dewis technoleg gael ei gadarnhau yn ddiweddarach yn 2024.<\/p>\n<\/div>\n\t\t\t\t<\/div>\n\t\t\t\t\t\t\t<div class=\"accordion--item\">\n\t\t\t\t\t<h3 class=\"accordion--item__title\">Pa mor hir yw bywyd gweithredol y prosiect?<\/h3>\n\t\t\t\t\t<div class=\"accordion--item__content\" style=\"display: none\"><p>Mae cylch bywyd y prosiect hyd at 30 mlynedd.<\/p>\n<\/div>\n\t\t\t\t<\/div>\n\t\t\t\t\t\t\t<div class=\"accordion--item\">\n\t\t\t\t\t<h3 class=\"accordion--item__title\">Sut ydych chi&#8217;n bwriadu datgomisiynu&#8217;r prosiectau?<\/h3>\n\t\t\t\t\t<div class=\"accordion--item__content\" style=\"display: none\"><p>Rhagwelir y byddai&#8217;r Prosiect arfaethedig yn weithredol am gyfnod o hyd at 30 mlynedd o gomisiynu terfynol, ac yna proses ddadgomisiynu. Bydd y broses ddatgomisiynu yn adlewyrchu&#8217;r broses osod i raddau helaeth, i&#8217;r gwrthwyneb, gyda llwyfannau a angorfeydd yn cael eu tynnu a&#8217;u dychwelyd i borthladdoedd lleol i&#8217;w dadosod a&#8217;u gwaredu. Disgwylir i&#8217;r cyfnod datgomisiynu gael ei gwblhau o fewn 12 mis.<\/p>\n<\/div>\n\t\t\t\t<\/div>\n\t\t\t\t\t\t\t<div class=\"accordion--item\">\n\t\t\t\t\t<h3 class=\"accordion--item__title\">Sut fydd y prosiect o fudd i&#8217;r economi leol a chymunedau lleol?<\/h3>\n\t\t\t\t\t<div class=\"accordion--item__content\" style=\"display: none\"><p>Mae ORE Catapult yn adrodd y byddai&#8217;r GW cyntaf o b\u0175er gwynt arnofiol yn y M\u00f4r Celtaidd yn creu cymaint \u00e2 3.000 o swyddi a bron i \u00a3700m mewn cyfleoedd cadwyn gyflenwi i Gymru a Chernyw yn ystod y degawd nesaf yn unig. Yn wahanol i gystrawennau gwaelod-sefydlog (sydd wedi&#8217;u cydosod ar y m\u00f4r) mae angen ymgynnull tyrbinau arnofiol yn llwyr ar y tir (wrth ochr y cei) cyn cael eu tynnu i&#8217;r m\u00f4r i&#8217;w gosod. Mae hyn yn golygu cyfleoedd economaidd mawr i&#8217;r econom\u00efau lleol o amgylch porthladdoedd a&#8217;r gadwyn gyflenwi leol sydd angen gwasanaethu adeiladu a chynnal ffermydd gwynt arnofiol. Felly, rydym yn ymgysylltu&#8217;n weithredol \u00e2&#8217;r gadwyn gyflenwi yng Nghymru a&#8217;r De Orllewin.<\/p>\n<p>Mae&#8217;r prosiect hwn yn cynrychioli cyfle buddsoddi mawr i Gymru ac rydym am i&#8217;r gymuned leol gael y budd mwyaf ohono. Byddwn yn cydweithio \u00e2 rhanddeiliaid lleol i archwilio&#8217;r potensial i sicrhau budd economaidd, cymdeithasol ac amgylcheddol llawn o&#8217;r prosiect.<\/p>\n<\/div>\n\t\t\t\t<\/div>\n\t\t\t\t\t\t\t<div class=\"accordion--item\">\n\t\t\t\t\t<h3 class=\"accordion--item__title\">Pa sefydliadau rydych chi&#8217;n gweithio gyda nhw i gefnogi eich sgiliau a&#8217;ch uchelgeisiau hyfforddi?<\/h3>\n\t\t\t\t\t<div class=\"accordion--item__content\" style=\"display: none\"><p>Rydym yn gweithio gyda Llywodraeth Cymru, ORE Catapult, Cyngor Sir Penfro, Partneriaethau Dysgu Rhanbarthol i ddeall y gofynion addysg, sgiliau a hyfforddiant er mwyn cynllunio ymlaen llaw i gwrdd \u00e2&#8217;r cyfle i&#8217;r diwydiant sy&#8217;n dod i&#8217;r amlwg. Rydym am hysbysu ac ysbrydoli pobl ifanc ar draws sefydliadau dysgu i ystyried a dilyn llwybrau gyrfa o fewn y diwydiant drwy addysg gynradd, uwchradd, addysg uwch ac addysg bellach.<\/p>\n<\/div>\n\t\t\t\t<\/div>\n\t\t\t\t\t\t\t<div class=\"accordion--item\">\n\t\t\t\t\t<h3 class=\"accordion--item__title\">Beth yw eich rhaglen addysg ac allgymorth?<\/h3>\n\t\t\t\t\t<div class=\"accordion--item__content\" style=\"display: none\"><p>Rydym yn gweithio gyda phartneriaid ledled y rhanbarth i ddarparu addysg ac allgymorth i blant a phobl ifanc. Rydym am roi&#8217;r cyfle i adeiladu perthnasoedd ystyrlon a pharhaol gyda darparwyr addysg lleol, ein huchelgais yw ychwanegu gwerth at raglenni addysgol er mwyn hysbysu ein cenhedlaeth nesaf o&#8217;r r\u00f4l y gallai gwynt alltraeth arnofiol ei chwarae. Rydym yn gweithio gydag ysgolion yn uniongyrchol, mewn partneriaeth \u00e2 sefydliadau fel Canolfan Darwin ym Mhenfro, gan ddarparu gweithdai a chyfleoedd i ddisgyblion ddeall yr heriau ynni sy&#8217;n ein hwynebu. Rydyn ni&#8217;n rhoi&#8217;r offer sydd eu hangen arnyn nhw i feddwl yn greadigol am atebion a sut y gallai technolegau gwahanol chwarae rhan wrth fynd i&#8217;r afael \u00e2&#8217;r her.<\/p>\n<\/div>\n\t\t\t\t<\/div>\n\t\t\t\t\t\t\t<div class=\"accordion--item\">\n\t\t\t\t\t<h3 class=\"accordion--item__title\">Sut fydd y prosiect yn effeithio ar yr amgylchedd naturiol?<\/h3>\n\t\t\t\t\t<div class=\"accordion--item__content\" style=\"display: none\"><p>Rydym yn cydnabod bod gan unrhyw ddatblygiad y potensial i gael effaith ar ei amgylchedd lleol.<br \/>\nMae t\u00eem y prosiect a&#8217;n cynghorwyr amgylcheddol yn credu, gyda&#8217;r dull gweithredu a&#8217;r dyluniad cywir ar gyfer prosiectau, y gall y prosiect leihau a rheoli unrhyw effeithiau negyddol, tra&#8217;n cael effaith gadarnhaol net gyffredinol ar fioamrywiaeth. Bydd y safle&#8217;n darparu potensial ar gyfer ymchwil amgylcheddol sy&#8217;n cefnogi sut mae gwynt arnofiol yn rhyngweithio ar raddfa fawr gyda&#8217;r amgylchedd naturiol a buddiannau lleol yn galluogi gwell dealltwriaeth o&#8217;r manteision a&#8217;r heriau a nodi cyfleoedd i wella&#8217;r amgylchedd lleol<\/p>\n<\/div>\n\t\t\t\t<\/div>\n\t\t\t\t\t\t\t<div class=\"accordion--item\">\n\t\t\t\t\t<h3 class=\"accordion--item__title\">Pa ystyriaeth sydd wedi&#8217;i rhoi i effaith weledol y cynigion?<\/h3>\n\t\t\t\t\t<div class=\"accordion--item__content\" style=\"display: none\"><p>Mae&#8217;r safle a ddewiswyd wedi cael ei ddewis yn fwriadol i leihau&#8217;r effaith weledol. Mae ffin y prosiect tua 31km o lan Cymru a 38km o Ynys Lundy. Wrth i&#8217;r asesiad gweledol fynd yn ei flaen, bydd nifer o lunluniau o leoliadau penodol o amgylch arfordir Sir Benfro yn cael eu cymryd a&#8217;u defnyddio i lywio ein hymgynghoriad \u00e2 chyrff statudol ac aelodau&#8217;r cyhoedd. Mae t\u00eem y prosiect yn gweithio i leihau unrhyw effaith weledol negyddol ac mae&#8217;n werth nodi y bydd yr holl geblau wedi&#8217;u claddu o dan y ddaear, bydd gwaith ar y tir yn canolbwyntio ar yr is-orsaf\/adeilad rheoli ger pwynt cysylltu&#8217;r grid. Bydd opsiynau dylunio yn cael eu rhannu gyda rhanddeiliaid lleol cyn gynted \u00e2 phosibl.<\/p>\n<\/div>\n\t\t\t\t<\/div>\n\t\t\t\t\t\t\t<div class=\"accordion--item\">\n\t\t\t\t\t<h3 class=\"accordion--item__title\">Beth mae Floventis yn ei wneud i ymgysylltu \u00e2 gweithredwyr cychod pysgota?  <\/h3>\n\t\t\t\t\t<div class=\"accordion--item__content\" style=\"display: none\"><p>Rydym wrthi&#8217;n casglu data ar weithgarwch pysgota yn y rhanbarth gyda thrafodaethau gyda sefydliadau pysgota perthnasol, gweithredwyr cychod pysgota lleol a chyrff llywodraeth. Fel rhan o&#8217;r casgliad data hwn, rydym yn siarad \u00e2 physgotwyr i nodi tiroedd pysgota allweddol. Caiff pysgodfeydd masnachol eu harchwilio i&#8217;r Asesiad o&#8217;r Effaith Amgylcheddol (AEA) ar gyfer y prosiect a bydd effeithiau posibl yn cael eu hystyried yn llawn a bydd mesurau lliniaru addas yn cael eu datblygu fel y bo&#8217;n briodol. Bydd cwmpas yr asesiad effaith ar gyfer pysgodfeydd yn dilyn canlyniad y farn gwmpasu, y fethodoleg AEA safonol ac yn ystyried adborth gan randdeiliaid pysgodfeydd.<\/p>\n<\/div>\n\t\t\t\t<\/div>\n\t\t\t\t\t\t\t<div class=\"accordion--item\">\n\t\t\t\t\t<h3 class=\"accordion--item__title\">A yw&#8217;r prosiect yn rhan o rownd prydlesu&#8217;r M\u00f4r Celtaidd sy&#8217;n cael ei rhedeg ar hyn o bryd gan Yst\u00e2d y Goron?<\/h3>\n\t\t\t\t\t<div class=\"accordion--item__content\" style=\"display: none\"><p>Nid yw prosiectau Ll\u0177r yn rhan o gylch prydlesu alltraeth y M\u00f4r Celtaidd sy&#8217;n cael ei gynllunio ar hyn o bryd gan Yst\u00e2d y Goron. Cafodd Floventis Energy y cytundeb prydles ar gyfer datblygiadau Ll\u0177r gan Yst\u00e2d y Goron ym mis Gorffennaf 2021 yn amodol ar Asesiad Rheoleiddio Cynefinoedd. Mae hyn yn caniat\u00e1u i Floventis fel y datblygwr symud ymlaen gydag asesiadau ac arolygon amgylcheddol, sicrhau mynediad i&#8217;r grid a cheisio caniat\u00e2d cynllunio drwy&#8217;r prosesau statudol.<\/p>\n<\/div>\n\t\t\t\t<\/div>\n\t\t\t\t\t\t\t<div class=\"accordion--item\">\n\t\t\t\t\t<h3 class=\"accordion--item__title\">Pryd fydd y prosiect yn cael ei gymeradwyo?<\/h3>\n\t\t\t\t\t<div class=\"accordion--item__content\" style=\"display: none\"><p>Rydym yn disgwyl cyflwyno ein cais cynllunio llawn yn ddiweddarach yn 2024 felly rydym ar hyn o bryd mewn proses o ymgysylltu ac ymgynghori \u00e2 thrigolion lleol, busnesau a sefydliadau cymunedol ar draws ardal eang o amgylch prosiectau Ll\u0177r. Byddwn yn cyhoeddi amserlenni manylach ar gyfer ymgynghori maes o law y byddwch yn gallu dod o hyd iddynt ar ein gwefan.<\/p>\n<p>Gallwch ddarllen mwy am y broses gynllunio ar ein tudalen Cynllunio ac Ymgynghori ar ein gwefan.<\/p>\n<\/div>\n\t\t\t\t<\/div>\n\t\t\t\t\t\t\t<div class=\"accordion--item\">\n\t\t\t\t\t<h3 class=\"accordion--item__title\">Sut alla i dderbyn diweddariadau rheolaidd ar gynnydd y prosiect a\/neu gofrestru ar gyfer cyfleoedd yn y gadwyn gyflenwi?<\/h3>\n\t\t\t\t\t<div class=\"accordion--item__content\" style=\"display: none\"><p>Cofrestrwch am ddiweddariadau i&#8217;r prosiect drwy info@llyrwind.com.<\/p>\n<\/div>\n\t\t\t\t<\/div>\n\t\t\t\t\t<\/div>\n\n\n\t<\/div>\n<\/section>\n","protected":false},"excerpt":{"rendered":"","protected":false},"author":1,"featured_media":0,"parent":0,"menu_order":0,"comment_status":"closed","ping_status":"closed","template":"","meta":{"footnotes":""},"acf":[],"yoast_head":"<!-- This site is optimized with the Yoast SEO plugin v21.6 - https:\/\/yoast.com\/wordpress\/plugins\/seo\/ -->\n<title>Cwestiynau Cyffredin - Llyr<\/title>\n<meta name=\"robots\" content=\"index, follow, max-snippet:-1, max-image-preview:large, max-video-preview:-1\" \/>\n<link rel=\"canonical\" href=\"https:\/\/www.llyrwind.com\/cy\/cwestiynau-cyffredin\" \/>\n<meta property=\"og:locale\" content=\"cy_GB\" \/>\n<meta property=\"og:type\" content=\"article\" \/>\n<meta property=\"og:title\" content=\"Cwestiynau Cyffredin - Llyr\" \/>\n<meta property=\"og:url\" content=\"https:\/\/www.llyrwind.com\/cy\/cwestiynau-cyffredin\" \/>\n<meta property=\"og:site_name\" content=\"Llyr\" \/>\n<meta property=\"article:modified_time\" content=\"2025-01-08T13:05:36+00:00\" \/>\n<meta name=\"twitter:card\" content=\"summary_large_image\" \/>\n<script type=\"application\/ld+json\" class=\"yoast-schema-graph\">{\"@context\":\"https:\/\/schema.org\",\"@graph\":[{\"@type\":\"WebPage\",\"@id\":\"https:\/\/www.llyrwind.com\/cy\/cwestiynau-cyffredin\",\"url\":\"https:\/\/www.llyrwind.com\/cy\/cwestiynau-cyffredin\",\"name\":\"Cwestiynau Cyffredin - Llyr\",\"isPartOf\":{\"@id\":\"https:\/\/www.llyrwind.com\/cy#website\"},\"datePublished\":\"2023-06-29T09:43:26+00:00\",\"dateModified\":\"2025-01-08T13:05:36+00:00\",\"inLanguage\":\"cy-GB\",\"potentialAction\":[{\"@type\":\"ReadAction\",\"target\":[\"https:\/\/www.llyrwind.com\/cy\/cwestiynau-cyffredin\"]}]},{\"@type\":\"WebSite\",\"@id\":\"https:\/\/www.llyrwind.com\/cy#website\",\"url\":\"https:\/\/www.llyrwind.com\/cy\",\"name\":\"Llyr\",\"description\":\"\",\"potentialAction\":[{\"@type\":\"SearchAction\",\"target\":{\"@type\":\"EntryPoint\",\"urlTemplate\":\"https:\/\/www.llyrwind.com\/cy?s={search_term_string}\"},\"query-input\":\"required name=search_term_string\"}],\"inLanguage\":\"cy-GB\"}]}<\/script>\n<!-- \/ Yoast SEO plugin. -->","yoast_head_json":{"title":"Cwestiynau Cyffredin - Llyr","robots":{"index":"index","follow":"follow","max-snippet":"max-snippet:-1","max-image-preview":"max-image-preview:large","max-video-preview":"max-video-preview:-1"},"canonical":"https:\/\/www.llyrwind.com\/cy\/cwestiynau-cyffredin","og_locale":"cy_GB","og_type":"article","og_title":"Cwestiynau Cyffredin - Llyr","og_url":"https:\/\/www.llyrwind.com\/cy\/cwestiynau-cyffredin","og_site_name":"Llyr","article_modified_time":"2025-01-08T13:05:36+00:00","twitter_card":"summary_large_image","schema":{"@context":"https:\/\/schema.org","@graph":[{"@type":"WebPage","@id":"https:\/\/www.llyrwind.com\/cy\/cwestiynau-cyffredin","url":"https:\/\/www.llyrwind.com\/cy\/cwestiynau-cyffredin","name":"Cwestiynau Cyffredin - Llyr","isPartOf":{"@id":"https:\/\/www.llyrwind.com\/cy#website"},"datePublished":"2023-06-29T09:43:26+00:00","dateModified":"2025-01-08T13:05:36+00:00","inLanguage":"cy-GB","potentialAction":[{"@type":"ReadAction","target":["https:\/\/www.llyrwind.com\/cy\/cwestiynau-cyffredin"]}]},{"@type":"WebSite","@id":"https:\/\/www.llyrwind.com\/cy#website","url":"https:\/\/www.llyrwind.com\/cy","name":"Llyr","description":"","potentialAction":[{"@type":"SearchAction","target":{"@type":"EntryPoint","urlTemplate":"https:\/\/www.llyrwind.com\/cy?s={search_term_string}"},"query-input":"required name=search_term_string"}],"inLanguage":"cy-GB"}]}},"_links":{"self":[{"href":"https:\/\/www.llyrwind.com\/cy\/wp-json\/wp\/v2\/pages\/3141"}],"collection":[{"href":"https:\/\/www.llyrwind.com\/cy\/wp-json\/wp\/v2\/pages"}],"about":[{"href":"https:\/\/www.llyrwind.com\/cy\/wp-json\/wp\/v2\/types\/page"}],"author":[{"embeddable":true,"href":"https:\/\/www.llyrwind.com\/cy\/wp-json\/wp\/v2\/users\/1"}],"replies":[{"embeddable":true,"href":"https:\/\/www.llyrwind.com\/cy\/wp-json\/wp\/v2\/comments?post=3141"}],"version-history":[{"count":13,"href":"https:\/\/www.llyrwind.com\/cy\/wp-json\/wp\/v2\/pages\/3141\/revisions"}],"predecessor-version":[{"id":5641,"href":"https:\/\/www.llyrwind.com\/cy\/wp-json\/wp\/v2\/pages\/3141\/revisions\/5641"}],"wp:attachment":[{"href":"https:\/\/www.llyrwind.com\/cy\/wp-json\/wp\/v2\/media?parent=3141"}],"curies":[{"name":"wp","href":"https:\/\/api.w.org\/{rel}","templated":true}]}}