{"id":3160,"date":"2023-06-29T09:43:27","date_gmt":"2023-06-29T09:43:27","guid":{"rendered":"https:\/\/llyrwind.test.netsco.dev\/ymgysylltu"},"modified":"2024-01-11T15:44:29","modified_gmt":"2024-01-11T15:44:29","slug":"ymgysylltu","status":"publish","type":"page","link":"https:\/\/www.llyrwind.com\/cy\/ymgysylltu","title":{"rendered":"Ymgysylltu"},"content":{"rendered":"<section class='block thumbnail   hero'  style=\"background-image:url(https:\/\/www.llyrwind.com\/wp-content\/uploads\/2023\/05\/iStock-1371327707-scaled-e1684937304246.jpg)\">\n\t<div class=\"container container--wide\">\n\t\t\t\t\t<div class=\"hero--content block--content\">\n\t\t\t\t<h1>Our Engagement<\/h1>\n                \t\t\t<\/div>\n\t\t\t<\/div>\n\t<span class=\"motif\"><\/span>\n<\/section><section class='block text-header  text-header--alt '>\n\t<div class=\"container\">\n\t\t\t\t\t<div class=\"text-header--header block--header\">\n\t\t\t\t<p style=\"font-weight: 400;\">Mae ein dull o ymgynghori a datblygu prosiectau yn seiliedig ar ymgysylltu effeithiol. Ein nod yw ymgysylltu ag unrhyw sefydliad neu unigolyn sydd \u00e2 diddordeb yn y prosiect.<\/p>\n<p style=\"font-weight: 400;\">Ein nod yw bodloni a rhagori ar reoliadau cynllunio gydag ymrwymiad i:<\/p>\n<ul style=\"font-weight: 400;\">\n<li>Ymgysylltiad cynnar, parhaus ac eang<\/li>\n<li>Cynnwys rhanddeiliaid a chymunedau lleol wrth ddatblygu prosiectau a deialog am ein dyfodol ynni, effaith amgylcheddol, dyluniadau a&#8217;r gymuned<\/li>\n<li>Defnyddio dulliau amrywiol ar gyfer cymunedau amrywiol<\/li>\n<li>Ymateb i bryderon rhanddeiliaid yn ogystal ag anghenion a dyheadau lleol<\/li>\n<li>Defnyddio amrywiaeth o ddulliau cyfathrebu i roi gwybod i&#8217;n rhanddeiliaid, gan gynnwys arddangosfeydd cyhoeddus a rhithwir, cylchlythyrau, y wefan bwrpasol hon, gweithdai, ymgysylltu \u00e2&#8217;r cyfryngau, ymweliadau a chyflwyniadau i ysgolion a grwpiau cymunedol lleol a digwyddiadau cymunedol lleol.<\/li>\n<\/ul>\n<p>&nbsp;<\/p>\n<p style=\"font-weight: 400;\"><strong>Diwrnodau Ymwybyddiaeth y Cyhoedd Gorffennaf 2023<\/strong><\/p>\n<div>\n<p>Cynhaliwyd Digwyddiadau Ymwybyddiaeth y Cyhoedd ar draws y rhanbarth yn ystod mis Gorffennaf 2023 gan ganiat\u00e1u i bart\u00efon \u00e2 diddordeb ddarganfod mwy am ein cynigion.<\/p>\n<\/div>\n<p>&nbsp;<\/p>\n<div>\n<p><b>Ymgynghoriad Cyhoeddus &#8211; Ll\u0177r 1<\/b><br \/>\n&nbsp;\n<\/div>\n<div>\n<p class=\"paragraph\">Bydd ymgynghoriad cyhoeddus ar Ll\u0177r 1 yn rhedeg o 15 Ionawr i 11 Chwefror 2024. Rhaid derbyn yr holl adborth erbyn 23.59 o&#8217;r gloch ddydd Sul 11 Chwefror 2023. <span lang=\"EN-US\">Byddwn yn cyflwyno <\/span>Ll\u0177r<span lang=\"EN-US\"> 2 yn ddiweddarach yn y flwyddyn. <\/span> <\/p>\n<\/div>\n<div>\n<p>Gellir dod o hyd i&#8217;r holl wybodaeth sy&#8217;n ymwneud ag ymgynghoriad cyhoeddus ar Ll\u0177r 1 <a href=\"https:\/\/www.llyrwind.com\/cy\/ymgynghoriad-cyhoeddus\">yma.<\/a><\/p>\n<\/div>\n\t\t\t<\/div>\n\t\t\t\t\t<div class=\"text-header--content text-header--content-left block--content\">\n\t\t\t\t<p>&nbsp;<\/p>\n<p>&nbsp;<\/p>\n\t\t\t<\/div>\t\t\t\n\t\t\t<\/div>\n<\/section>","protected":false},"excerpt":{"rendered":"","protected":false},"author":1,"featured_media":0,"parent":0,"menu_order":0,"comment_status":"closed","ping_status":"closed","template":"","meta":{"footnotes":""},"acf":[],"yoast_head":"<!-- This site is optimized with the Yoast SEO plugin v21.6 - https:\/\/yoast.com\/wordpress\/plugins\/seo\/ -->\n<title>Ymgysylltu - Llyr<\/title>\n<meta name=\"robots\" content=\"index, follow, max-snippet:-1, max-image-preview:large, max-video-preview:-1\" \/>\n<link rel=\"canonical\" href=\"https:\/\/www.llyrwind.com\/cy\/ymgysylltu\" \/>\n<meta property=\"og:locale\" content=\"cy_GB\" \/>\n<meta property=\"og:type\" content=\"article\" \/>\n<meta property=\"og:title\" content=\"Ymgysylltu - Llyr\" \/>\n<meta property=\"og:url\" content=\"https:\/\/www.llyrwind.com\/cy\/ymgysylltu\" \/>\n<meta property=\"og:site_name\" content=\"Llyr\" \/>\n<meta property=\"article:modified_time\" content=\"2024-01-11T15:44:29+00:00\" \/>\n<meta name=\"twitter:card\" content=\"summary_large_image\" \/>\n<script type=\"application\/ld+json\" class=\"yoast-schema-graph\">{\"@context\":\"https:\/\/schema.org\",\"@graph\":[{\"@type\":\"WebPage\",\"@id\":\"https:\/\/www.llyrwind.com\/cy\/ymgysylltu\",\"url\":\"https:\/\/www.llyrwind.com\/cy\/ymgysylltu\",\"name\":\"Ymgysylltu - Llyr\",\"isPartOf\":{\"@id\":\"https:\/\/www.llyrwind.com\/cy#website\"},\"datePublished\":\"2023-06-29T09:43:27+00:00\",\"dateModified\":\"2024-01-11T15:44:29+00:00\",\"inLanguage\":\"cy-GB\",\"potentialAction\":[{\"@type\":\"ReadAction\",\"target\":[\"https:\/\/www.llyrwind.com\/cy\/ymgysylltu\"]}]},{\"@type\":\"WebSite\",\"@id\":\"https:\/\/www.llyrwind.com\/cy#website\",\"url\":\"https:\/\/www.llyrwind.com\/cy\",\"name\":\"Llyr\",\"description\":\"\",\"potentialAction\":[{\"@type\":\"SearchAction\",\"target\":{\"@type\":\"EntryPoint\",\"urlTemplate\":\"https:\/\/www.llyrwind.com\/cy?s={search_term_string}\"},\"query-input\":\"required name=search_term_string\"}],\"inLanguage\":\"cy-GB\"}]}<\/script>\n<!-- \/ Yoast SEO plugin. -->","yoast_head_json":{"title":"Ymgysylltu - Llyr","robots":{"index":"index","follow":"follow","max-snippet":"max-snippet:-1","max-image-preview":"max-image-preview:large","max-video-preview":"max-video-preview:-1"},"canonical":"https:\/\/www.llyrwind.com\/cy\/ymgysylltu","og_locale":"cy_GB","og_type":"article","og_title":"Ymgysylltu - Llyr","og_url":"https:\/\/www.llyrwind.com\/cy\/ymgysylltu","og_site_name":"Llyr","article_modified_time":"2024-01-11T15:44:29+00:00","twitter_card":"summary_large_image","schema":{"@context":"https:\/\/schema.org","@graph":[{"@type":"WebPage","@id":"https:\/\/www.llyrwind.com\/cy\/ymgysylltu","url":"https:\/\/www.llyrwind.com\/cy\/ymgysylltu","name":"Ymgysylltu - Llyr","isPartOf":{"@id":"https:\/\/www.llyrwind.com\/cy#website"},"datePublished":"2023-06-29T09:43:27+00:00","dateModified":"2024-01-11T15:44:29+00:00","inLanguage":"cy-GB","potentialAction":[{"@type":"ReadAction","target":["https:\/\/www.llyrwind.com\/cy\/ymgysylltu"]}]},{"@type":"WebSite","@id":"https:\/\/www.llyrwind.com\/cy#website","url":"https:\/\/www.llyrwind.com\/cy","name":"Llyr","description":"","potentialAction":[{"@type":"SearchAction","target":{"@type":"EntryPoint","urlTemplate":"https:\/\/www.llyrwind.com\/cy?s={search_term_string}"},"query-input":"required name=search_term_string"}],"inLanguage":"cy-GB"}]}},"_links":{"self":[{"href":"https:\/\/www.llyrwind.com\/cy\/wp-json\/wp\/v2\/pages\/3160"}],"collection":[{"href":"https:\/\/www.llyrwind.com\/cy\/wp-json\/wp\/v2\/pages"}],"about":[{"href":"https:\/\/www.llyrwind.com\/cy\/wp-json\/wp\/v2\/types\/page"}],"author":[{"embeddable":true,"href":"https:\/\/www.llyrwind.com\/cy\/wp-json\/wp\/v2\/users\/1"}],"replies":[{"embeddable":true,"href":"https:\/\/www.llyrwind.com\/cy\/wp-json\/wp\/v2\/comments?post=3160"}],"version-history":[{"count":10,"href":"https:\/\/www.llyrwind.com\/cy\/wp-json\/wp\/v2\/pages\/3160\/revisions"}],"predecessor-version":[{"id":4253,"href":"https:\/\/www.llyrwind.com\/cy\/wp-json\/wp\/v2\/pages\/3160\/revisions\/4253"}],"wp:attachment":[{"href":"https:\/\/www.llyrwind.com\/cy\/wp-json\/wp\/v2\/media?parent=3160"}],"curies":[{"name":"wp","href":"https:\/\/api.w.org\/{rel}","templated":true}]}}