{"id":3168,"date":"2023-06-29T09:43:28","date_gmt":"2023-06-29T09:43:28","guid":{"rendered":"https:\/\/llyrwind.test.netsco.dev\/hysbysiadau-i-forwyr"},"modified":"2023-06-29T09:43:28","modified_gmt":"2023-06-29T09:43:28","slug":"hysbysiadau-i-forwyr","status":"publish","type":"page","link":"https:\/\/www.llyrwind.com\/cy\/hysbysiadau-i-forwyr","title":{"rendered":"Hysbysiadau i Forwyr"},"content":{"rendered":"<section class='block thumbnail   hero'  style=\"background-image:url(https:\/\/www.llyrwind.com\/wp-content\/uploads\/2023\/05\/Image-15-1-scaled.jpg)\">\n\t<div class=\"container container--wide\">\n\t\t\t\t\t<div class=\"hero--content block--content\">\n\t\t\t\t<h1>Hysbysiadau i Forwyr<\/h1>\n                \t\t\t<\/div>\n\t\t\t<\/div>\n\t<span class=\"motif\"><\/span>\n<\/section><section class='block text-header '>\n\t<div class=\"container\">\n\t\t\t\t\t<div class=\"text-header--header block--header\">\n\t\t\t\t<p>Arolygon geoffisegol ac amgylcheddol ar y m\u00f4r Ll\u0177r ac ar y m\u00f4r yn rhybuddio <strong><a href=\"https:\/\/www.llyrwind.com\/wp-content\/uploads\/2022\/12\/P10-LYR-3.2.2-NOT-0002-Rev1-NtM.pdf\">morwyr Hysbysiad 1<\/a> <a href=\"https:\/\/www.llyrwind.com\/wp-content\/uploads\/2022\/12\/P10-LYR-3.2.2-NOT-0003-Rev1-NtM-Nearshore.pdf\">Rhybudd 2<\/a><\/strong><\/p>\n<p><strong><a href=\"https:\/\/www.llyrwind.com\/wp-content\/uploads\/2022\/11\/Notice-to-Mariners-No.-138-of-2022-Braveheart-Spirit-Survey.pdf\">Hysbysiad Arolygon Geoffisegol ac Amgylcheddol Port of Aberdaugleddau i Forwyr<\/a><\/strong><\/p>\n<p><strong><a href=\"https:\/\/www.llyrwind.com\/wp-content\/uploads\/2022\/09\/P10-LYR-3.2.2-NOT-0001-Rev1-NtM.pdf\">Hysbysiad Arolygon Geoffisegol ac Amgylcheddol ar y M\u00f4r Ll\u0177r i Forwyr<\/a> <\/strong><\/p>\n\t\t\t<\/div>\n\t\t\t<\/div>\n<\/section>","protected":false},"excerpt":{"rendered":"<p>Eam omnium audiam albucius et. Harum pericula nam ei, id unum scaevola eam. Et accusamus reprimique vituperatoribus sed, eu pro volumus gubergren, eam eu interesset referrentur delicatissimi.<\/p>\n","protected":false},"author":1,"featured_media":0,"parent":0,"menu_order":0,"comment_status":"closed","ping_status":"closed","template":"","meta":{"footnotes":""},"acf":[],"yoast_head":"<!-- This site is optimized with the Yoast SEO plugin v21.6 - https:\/\/yoast.com\/wordpress\/plugins\/seo\/ -->\n<title>Hysbysiadau i Forwyr - Llyr<\/title>\n<meta name=\"robots\" content=\"index, follow, max-snippet:-1, max-image-preview:large, max-video-preview:-1\" \/>\n<link rel=\"canonical\" href=\"https:\/\/www.llyrwind.com\/cy\/hysbysiadau-i-forwyr\" \/>\n<meta property=\"og:locale\" content=\"cy_GB\" \/>\n<meta property=\"og:type\" content=\"article\" \/>\n<meta property=\"og:title\" content=\"Hysbysiadau i Forwyr - Llyr\" \/>\n<meta property=\"og:description\" content=\"Eam omnium audiam albucius et. Harum pericula nam ei, id unum scaevola eam. Et accusamus reprimique vituperatoribus sed, eu pro volumus gubergren, eam eu interesset referrentur delicatissimi.\" \/>\n<meta property=\"og:url\" content=\"https:\/\/www.llyrwind.com\/cy\/hysbysiadau-i-forwyr\" \/>\n<meta property=\"og:site_name\" content=\"Llyr\" \/>\n<meta name=\"twitter:card\" content=\"summary_large_image\" \/>\n<script type=\"application\/ld+json\" class=\"yoast-schema-graph\">{\"@context\":\"https:\/\/schema.org\",\"@graph\":[{\"@type\":\"WebPage\",\"@id\":\"https:\/\/www.llyrwind.com\/cy\/hysbysiadau-i-forwyr\",\"url\":\"https:\/\/www.llyrwind.com\/cy\/hysbysiadau-i-forwyr\",\"name\":\"Hysbysiadau i Forwyr - Llyr\",\"isPartOf\":{\"@id\":\"https:\/\/www.llyrwind.com\/cy#website\"},\"datePublished\":\"2023-06-29T09:43:28+00:00\",\"dateModified\":\"2023-06-29T09:43:28+00:00\",\"inLanguage\":\"cy-GB\",\"potentialAction\":[{\"@type\":\"ReadAction\",\"target\":[\"https:\/\/www.llyrwind.com\/cy\/hysbysiadau-i-forwyr\"]}]},{\"@type\":\"WebSite\",\"@id\":\"https:\/\/www.llyrwind.com\/cy#website\",\"url\":\"https:\/\/www.llyrwind.com\/cy\",\"name\":\"Llyr\",\"description\":\"\",\"potentialAction\":[{\"@type\":\"SearchAction\",\"target\":{\"@type\":\"EntryPoint\",\"urlTemplate\":\"https:\/\/www.llyrwind.com\/cy?s={search_term_string}\"},\"query-input\":\"required name=search_term_string\"}],\"inLanguage\":\"cy-GB\"}]}<\/script>\n<!-- \/ Yoast SEO plugin. -->","yoast_head_json":{"title":"Hysbysiadau i Forwyr - Llyr","robots":{"index":"index","follow":"follow","max-snippet":"max-snippet:-1","max-image-preview":"max-image-preview:large","max-video-preview":"max-video-preview:-1"},"canonical":"https:\/\/www.llyrwind.com\/cy\/hysbysiadau-i-forwyr","og_locale":"cy_GB","og_type":"article","og_title":"Hysbysiadau i Forwyr - Llyr","og_description":"Eam omnium audiam albucius et. Harum pericula nam ei, id unum scaevola eam. Et accusamus reprimique vituperatoribus sed, eu pro volumus gubergren, eam eu interesset referrentur delicatissimi.","og_url":"https:\/\/www.llyrwind.com\/cy\/hysbysiadau-i-forwyr","og_site_name":"Llyr","twitter_card":"summary_large_image","schema":{"@context":"https:\/\/schema.org","@graph":[{"@type":"WebPage","@id":"https:\/\/www.llyrwind.com\/cy\/hysbysiadau-i-forwyr","url":"https:\/\/www.llyrwind.com\/cy\/hysbysiadau-i-forwyr","name":"Hysbysiadau i Forwyr - Llyr","isPartOf":{"@id":"https:\/\/www.llyrwind.com\/cy#website"},"datePublished":"2023-06-29T09:43:28+00:00","dateModified":"2023-06-29T09:43:28+00:00","inLanguage":"cy-GB","potentialAction":[{"@type":"ReadAction","target":["https:\/\/www.llyrwind.com\/cy\/hysbysiadau-i-forwyr"]}]},{"@type":"WebSite","@id":"https:\/\/www.llyrwind.com\/cy#website","url":"https:\/\/www.llyrwind.com\/cy","name":"Llyr","description":"","potentialAction":[{"@type":"SearchAction","target":{"@type":"EntryPoint","urlTemplate":"https:\/\/www.llyrwind.com\/cy?s={search_term_string}"},"query-input":"required name=search_term_string"}],"inLanguage":"cy-GB"}]}},"_links":{"self":[{"href":"https:\/\/www.llyrwind.com\/cy\/wp-json\/wp\/v2\/pages\/3168"}],"collection":[{"href":"https:\/\/www.llyrwind.com\/cy\/wp-json\/wp\/v2\/pages"}],"about":[{"href":"https:\/\/www.llyrwind.com\/cy\/wp-json\/wp\/v2\/types\/page"}],"author":[{"embeddable":true,"href":"https:\/\/www.llyrwind.com\/cy\/wp-json\/wp\/v2\/users\/1"}],"replies":[{"embeddable":true,"href":"https:\/\/www.llyrwind.com\/cy\/wp-json\/wp\/v2\/comments?post=3168"}],"version-history":[{"count":1,"href":"https:\/\/www.llyrwind.com\/cy\/wp-json\/wp\/v2\/pages\/3168\/revisions"}],"predecessor-version":[{"id":3171,"href":"https:\/\/www.llyrwind.com\/cy\/wp-json\/wp\/v2\/pages\/3168\/revisions\/3171"}],"wp:attachment":[{"href":"https:\/\/www.llyrwind.com\/cy\/wp-json\/wp\/v2\/media?parent=3168"}],"curies":[{"name":"wp","href":"https:\/\/api.w.org\/{rel}","templated":true}]}}