{"id":3169,"date":"2023-06-29T09:43:28","date_gmt":"2023-06-29T09:43:28","guid":{"rendered":"https:\/\/llyrwind.test.netsco.dev\/digwyddiadau"},"modified":"2024-01-11T15:44:28","modified_gmt":"2024-01-11T15:44:28","slug":"digwyddiadau","status":"publish","type":"page","link":"https:\/\/www.llyrwind.com\/cy\/digwyddiadau","title":{"rendered":"Digwyddiadau"},"content":{"rendered":"<section class='block thumbnail   hero'  style=\"background-image:url(https:\/\/www.llyrwind.com\/wp-content\/uploads\/2023\/06\/mhorwood_Floventis_060623_128-scaled-e1688028641763.jpg)\">\n\t<div class=\"container container--wide\">\n\t\t\t\t\t<div class=\"hero--content block--content\">\n\t\t\t\t<h1>Events<\/h1>\n                \t\t\t<\/div>\n\t\t\t<\/div>\n\t<span class=\"motif\"><\/span>\n<\/section><section class='block text-header '>\n\t<div class=\"container\">\n\t\t\t\t\t<div class=\"text-header--header block--header\">\n\t\t\t\t<p style=\"font-weight: 400;\">Mae t\u00eem Ll\u00fdr yn edrych ymlaen at ymgysylltu \u00e2 rhanddeiliaid a&#8217;r cyhoedd wrth i ni symud ymlaen trwy&#8217;r camau datblygu i adeiladu a gweithredu yn y pen draw.<\/p>\n<p style=\"font-weight: 400;\">Rhoddodd ein &#8221; <strong>Dyddiau Ymwybyddiaeth Gyhoeddus&#8221;<\/strong> ym mis Gorffennaf gyfle i&#8217;r cyhoedd weld manylion y cynigion a darganfod ychydig mwy am y gwaith rydym wedi&#8217;i wneud yn y rhanbarth hyd yma. Bydd holl ddigwyddiadau&#8217;r dyfodol yn cael eu hysbysebu mewn cyhoeddiadau cyfryngau lleol wrth i&#8217;n cynigion ddatblygu.<\/p>\n<p><strong>Digwyddiadau Ionawr 2024 yn dod yn fuan&#8230;<\/strong><\/p>\n<p style=\"font-weight: 400;\">Unwaith y byddwn wedi datblygu ein cynigion ar gyfer y prosiect ymhellach, byddwn yn cynnal &#8221; <strong>Ymgynghoriad Cyn-ymgeisio&#8221;<\/strong><strong> <\/strong>. Ar hyn o bryd bydd rhagor o fanylion am y safle, ein cynigion dewisol a&#8217;n gwaith Asesu Effaith Amgylcheddol yn cael eu datgelu er mwyn gallu sefydlu barn wybodus. Bydd y cyfle i gael adborth ffurfiol yn dechrau o&#8217;r pwynt hwn.<\/p>\n<p style=\"font-weight: 400;\">Cysylltwch \u00e2 <a href=\"mailto:info@llyrwind.com\">info@llyrwind.com<\/a> os oes gennych unrhyw gwestiynau pellach.<\/p>\n<p>&nbsp;<\/p>\n\t\t\t<\/div>\n\t\t\t<\/div>\n<\/section>","protected":false},"excerpt":{"rendered":"","protected":false},"author":1,"featured_media":0,"parent":0,"menu_order":0,"comment_status":"closed","ping_status":"closed","template":"","meta":{"footnotes":""},"acf":[],"yoast_head":"<!-- This site is optimized with the Yoast SEO plugin v21.6 - https:\/\/yoast.com\/wordpress\/plugins\/seo\/ -->\n<title>Digwyddiadau - Llyr<\/title>\n<meta name=\"robots\" content=\"index, follow, max-snippet:-1, max-image-preview:large, max-video-preview:-1\" \/>\n<link rel=\"canonical\" href=\"https:\/\/www.llyrwind.com\/cy\/digwyddiadau\" \/>\n<meta property=\"og:locale\" content=\"cy_GB\" \/>\n<meta property=\"og:type\" content=\"article\" \/>\n<meta property=\"og:title\" content=\"Digwyddiadau - Llyr\" \/>\n<meta property=\"og:url\" content=\"https:\/\/www.llyrwind.com\/cy\/digwyddiadau\" \/>\n<meta property=\"og:site_name\" content=\"Llyr\" \/>\n<meta property=\"article:modified_time\" content=\"2024-01-11T15:44:28+00:00\" \/>\n<meta name=\"twitter:card\" content=\"summary_large_image\" \/>\n<script type=\"application\/ld+json\" class=\"yoast-schema-graph\">{\"@context\":\"https:\/\/schema.org\",\"@graph\":[{\"@type\":\"WebPage\",\"@id\":\"https:\/\/www.llyrwind.com\/cy\/digwyddiadau\",\"url\":\"https:\/\/www.llyrwind.com\/cy\/digwyddiadau\",\"name\":\"Digwyddiadau - Llyr\",\"isPartOf\":{\"@id\":\"https:\/\/www.llyrwind.com\/cy#website\"},\"datePublished\":\"2023-06-29T09:43:28+00:00\",\"dateModified\":\"2024-01-11T15:44:28+00:00\",\"inLanguage\":\"cy-GB\",\"potentialAction\":[{\"@type\":\"ReadAction\",\"target\":[\"https:\/\/www.llyrwind.com\/cy\/digwyddiadau\"]}]},{\"@type\":\"WebSite\",\"@id\":\"https:\/\/www.llyrwind.com\/cy#website\",\"url\":\"https:\/\/www.llyrwind.com\/cy\",\"name\":\"Llyr\",\"description\":\"\",\"potentialAction\":[{\"@type\":\"SearchAction\",\"target\":{\"@type\":\"EntryPoint\",\"urlTemplate\":\"https:\/\/www.llyrwind.com\/cy?s={search_term_string}\"},\"query-input\":\"required name=search_term_string\"}],\"inLanguage\":\"cy-GB\"}]}<\/script>\n<!-- \/ Yoast SEO plugin. -->","yoast_head_json":{"title":"Digwyddiadau - Llyr","robots":{"index":"index","follow":"follow","max-snippet":"max-snippet:-1","max-image-preview":"max-image-preview:large","max-video-preview":"max-video-preview:-1"},"canonical":"https:\/\/www.llyrwind.com\/cy\/digwyddiadau","og_locale":"cy_GB","og_type":"article","og_title":"Digwyddiadau - Llyr","og_url":"https:\/\/www.llyrwind.com\/cy\/digwyddiadau","og_site_name":"Llyr","article_modified_time":"2024-01-11T15:44:28+00:00","twitter_card":"summary_large_image","schema":{"@context":"https:\/\/schema.org","@graph":[{"@type":"WebPage","@id":"https:\/\/www.llyrwind.com\/cy\/digwyddiadau","url":"https:\/\/www.llyrwind.com\/cy\/digwyddiadau","name":"Digwyddiadau - Llyr","isPartOf":{"@id":"https:\/\/www.llyrwind.com\/cy#website"},"datePublished":"2023-06-29T09:43:28+00:00","dateModified":"2024-01-11T15:44:28+00:00","inLanguage":"cy-GB","potentialAction":[{"@type":"ReadAction","target":["https:\/\/www.llyrwind.com\/cy\/digwyddiadau"]}]},{"@type":"WebSite","@id":"https:\/\/www.llyrwind.com\/cy#website","url":"https:\/\/www.llyrwind.com\/cy","name":"Llyr","description":"","potentialAction":[{"@type":"SearchAction","target":{"@type":"EntryPoint","urlTemplate":"https:\/\/www.llyrwind.com\/cy?s={search_term_string}"},"query-input":"required name=search_term_string"}],"inLanguage":"cy-GB"}]}},"_links":{"self":[{"href":"https:\/\/www.llyrwind.com\/cy\/wp-json\/wp\/v2\/pages\/3169"}],"collection":[{"href":"https:\/\/www.llyrwind.com\/cy\/wp-json\/wp\/v2\/pages"}],"about":[{"href":"https:\/\/www.llyrwind.com\/cy\/wp-json\/wp\/v2\/types\/page"}],"author":[{"embeddable":true,"href":"https:\/\/www.llyrwind.com\/cy\/wp-json\/wp\/v2\/users\/1"}],"replies":[{"embeddable":true,"href":"https:\/\/www.llyrwind.com\/cy\/wp-json\/wp\/v2\/comments?post=3169"}],"version-history":[{"count":17,"href":"https:\/\/www.llyrwind.com\/cy\/wp-json\/wp\/v2\/pages\/3169\/revisions"}],"predecessor-version":[{"id":4265,"href":"https:\/\/www.llyrwind.com\/cy\/wp-json\/wp\/v2\/pages\/3169\/revisions\/4265"}],"wp:attachment":[{"href":"https:\/\/www.llyrwind.com\/cy\/wp-json\/wp\/v2\/media?parent=3169"}],"curies":[{"name":"wp","href":"https:\/\/api.w.org\/{rel}","templated":true}]}}