{"id":3530,"date":"2023-08-24T13:35:13","date_gmt":"2023-08-24T13:35:13","guid":{"rendered":"https:\/\/www.llyrwind.com\/dweud-eich-dweud-2"},"modified":"2025-01-07T12:01:34","modified_gmt":"2025-01-07T12:01:34","slug":"dweud-eich-dweud-2","status":"publish","type":"page","link":"https:\/\/www.llyrwind.com\/cy\/dweud-eich-dweud-2","title":{"rendered":"Addas ar gyfer y M\u00f4r"},"content":{"rendered":"<section class='block thumbnail   hero'  style=\"background-image:url(https:\/\/www.llyrwind.com\/wp-content\/uploads\/2023\/09\/DSC3618-Edit_LR_Welsh-Delegation-visit-to-PGL_Photo-Ivan-Blanco-Vilar.jpg)\">\n\t<div class=\"container container--wide\">\n\t\t\t\t\t<div class=\"hero--content block--content\">\n\t\t\t\t<h1>Fit for Offshore<\/h1>\n                \t\t\t<\/div>\n\t\t\t<\/div>\n\t<span class=\"motif\"><\/span>\n<\/section><section class='block text-header  text-header--alt '>\n\t<div class=\"container\">\n\t\t\t\t\t<div class=\"text-header--header block--header\">\n\t\t\t\t<div>\n<p>Mae&#8217;r prosiect yn gweithio mewn partneriaeth \u00e2 Catapwlt Ynni Adnewyddadwy ar y M\u00f4r (ORE) i helpu cwmn\u00efau lleol i wneud cais am waith yn y diwydiant gwynt alltraeth sy&#8217;n arnofio.<\/p>\n<p>&nbsp;<\/p>\n<\/div>\n<div>\n<p>Wedi&#8217;i lansio ym mis Medi 2023, mae&#8217;r rhaglen ynni adnewyddadwy alltraeth Ffit 4 (F4OR) gyntaf yng Nghymru yn rhoi&#8217;r sgiliau a&#8217;r arbenigedd i fusnesau Cymru i sicrhau llwyddiant yn y sector hwn sy&#8217;n tyfu&#8217;n gyflym. Mae&#8217;n rhaglen ddatblygu benodol ar gyfer y diwydiant gwynt sy&#8217;n arnofio sydd wedi&#8217;i chynllunio gan arbenigwyr y diwydiant. Mae Floventis yn darparu mewnwelediad technegol a marchnad i&#8217;r rhai sy&#8217;n cymryd rhan.<\/p>\n<p>&nbsp;<\/p>\n<\/div>\n<div>\n<p>Mae&#8217;r garfan gychwynnol o dri chwmni yn cynnwys Ledwood Mechanical Engineering, Mainstay Marine Solutions a CELSA Steel UK. Darganfyddwch fwy am y cwmn\u00efau hyn yma:<\/p>\n<\/div>\n<h2 class=\"u-text-left\" style=\"font-weight: 400;\"><strong> <\/strong><\/h2>\n\t\t\t<\/div>\n\t\t\t\t\t<div class=\"text-header--content text-header--content-left block--content\">\n\t\t\t\t<p><a href=\"https:\/\/www.llyrwind.com\/wp-content\/uploads\/2024\/03\/logo_footer-1.svg\"><img loading=\"lazy\" decoding=\"async\" class=\"alignnone wp-image-4499\" src=\"https:\/\/www.llyrwind.com\/wp-content\/uploads\/2024\/03\/logo_footer-1.svg\" alt=\"Celsa group\" width=\"267\" height=\"108\" \/><\/a><\/p>\n<p>&nbsp;<\/p>\n<p style=\"font-weight: 400;\">Cardiff-based <a href=\"https:\/\/www.celsauk.com\">CELSA<\/a> is Europe&#8217;s leading producer of circular and low-emission steel, and it recycles ferrous scrap to produce steel in electric arc furnaces, using energy-efficient technology.\u00a0 F4OR will give CELSA the opportunity to develop expertise in the renewable energy sector and is now preparing to supply materials, fabrication, and installation services as part of the floating offshore wind supply chain.<\/p>\n<p><img loading=\"lazy\" decoding=\"async\" class=\"alignnone size-medium wp-image-4501\" src=\"https:\/\/www.llyrwind.com\/wp-content\/uploads\/2024\/03\/logo-300x156.jpg\" alt=\"Mainstay marine solutions\" width=\"300\" height=\"156\" srcset=\"https:\/\/www.llyrwind.com\/wp-content\/uploads\/2024\/03\/logo-300x156.jpg 300w, https:\/\/www.llyrwind.com\/wp-content\/uploads\/2024\/03\/logo.jpg 360w\" sizes=\"(max-width: 300px) 100vw, 300px\" \/><\/p>\n<p style=\"font-weight: 400;\"><a href=\"https:\/\/www.mainstaymarine.co.uk\">Mainstay Marine Solutions<\/a> is based in Pembroke Dock and has a long legacy of boat building, engineering, and marine services. Their facilities include workshops, new build halls, a wet basin, five slipways, and a 160t hoist, and their 65-strong team includes naval architects, engineers, welders, fabricators, fitters and painters.<\/p>\n<p>&nbsp;<\/p>\n<p><img loading=\"lazy\" decoding=\"async\" class=\"alignnone size-medium wp-image-4554\" src=\"https:\/\/www.llyrwind.com\/wp-content\/uploads\/2024\/03\/Screenshot-2024-03-11-at-14.44.33-300x105.png\" alt=\"\" width=\"300\" height=\"105\" srcset=\"https:\/\/www.llyrwind.com\/wp-content\/uploads\/2024\/03\/Screenshot-2024-03-11-at-14.44.33-300x105.png 300w, https:\/\/www.llyrwind.com\/wp-content\/uploads\/2024\/03\/Screenshot-2024-03-11-at-14.44.33.png 474w\" sizes=\"(max-width: 300px) 100vw, 300px\" \/><\/p>\n<p>&nbsp;<\/p>\n<p><a href=\"https:\/\/www.ledwood.co.uk\">Ledwood Mechanical Engineering<\/a> is based in Pembroke Dock, employs 250 and provides mechanical and fabrication services to the energy and petrochemical sectors. Having been granted Fit for Nuclear status by the Nuclear AMRC, Ledwood is currently working on the UK\u2019s nuclear new build programme including equipment installation, delivery of stainless steelwork ducting and the erection of carbon steelwork.<\/p>\n\t\t\t<\/div>\t\t\t\n\t\t\t\t\t<div class=\"text-header--content block--content\">\n\t\t\t\t<p><img loading=\"lazy\" decoding=\"async\" class=\"alignnone size-medium wp-image-3607\" src=\"https:\/\/www.llyrwind.com\/wp-content\/uploads\/2023\/09\/F4OR_LOGO_RGB-e1695152364376-300x207.jpg\" alt=\"Fit for Offshore Logo\" width=\"300\" height=\"207\" srcset=\"https:\/\/www.llyrwind.com\/wp-content\/uploads\/2023\/09\/F4OR_LOGO_RGB-e1695152364376-300x207.jpg 300w, https:\/\/www.llyrwind.com\/wp-content\/uploads\/2023\/09\/F4OR_LOGO_RGB-e1695152364376.jpg 426w\" sizes=\"(max-width: 300px) 100vw, 300px\" \/><\/p>\n<div>\n<p class=\"xxmsonormal\">Plans for future F4OR Wales cohorts are already in the pipeline and further details will be announced in the coming months.<\/p>\n<\/div>\n<div>\n<p class=\"xxmsonormal\">\n<\/div>\n<div>\n<p>For more information visit\u00a0<a href=\"https:\/\/ore.catapult.org.uk\/what-we-do\/supply-chain-growth\/fit-4-offshore-renewables\/#:~:text=ORE%20Catapult%E2%80%99s%20Fit%204%20Offshore%20Renewables%20%28F4OR%29%20programme,of%20business%20improvement%20and%20sector%20specific%20capability%20building.\"><b>F4OR \u2013 ORE (catapult.org.uk)\u00a0<\/b><\/a><\/p>\n<\/div>\n\t\t\t<\/div>\n\t\t\t<\/div>\n<\/section>","protected":false},"excerpt":{"rendered":"","protected":false},"author":1,"featured_media":3608,"parent":0,"menu_order":0,"comment_status":"closed","ping_status":"closed","template":"","meta":{"footnotes":""},"acf":[],"yoast_head":"<!-- This site is optimized with the Yoast SEO plugin v21.6 - https:\/\/yoast.com\/wordpress\/plugins\/seo\/ -->\n<title>Addas ar gyfer y M\u00f4r - Llyr<\/title>\n<meta name=\"description\" content=\"Mae Floventis yn partneru \u00e2 Catapult Ynni Adnewyddadwy Alltraeth (ORE) i helpu cwmn\u00efau lleol i wneud cais am waith yn y diwydiant gwynt alltraeth sy&#039;n arnofio.\" \/>\n<meta name=\"robots\" content=\"index, follow, max-snippet:-1, max-image-preview:large, max-video-preview:-1\" \/>\n<link rel=\"canonical\" href=\"https:\/\/www.llyrwind.com\/cy\/dweud-eich-dweud-2\" \/>\n<meta property=\"og:locale\" content=\"cy_GB\" \/>\n<meta property=\"og:type\" content=\"article\" \/>\n<meta property=\"og:title\" content=\"Addas ar gyfer y M\u00f4r - Llyr\" \/>\n<meta property=\"og:description\" content=\"Mae Floventis yn partneru \u00e2 Catapult Ynni Adnewyddadwy Alltraeth (ORE) i helpu cwmn\u00efau lleol i wneud cais am waith yn y diwydiant gwynt alltraeth sy&#039;n arnofio.\" \/>\n<meta property=\"og:url\" content=\"https:\/\/www.llyrwind.com\/cy\/dweud-eich-dweud-2\" \/>\n<meta property=\"og:site_name\" content=\"Llyr\" \/>\n<meta property=\"article:modified_time\" content=\"2025-01-07T12:01:34+00:00\" \/>\n<meta property=\"og:image\" content=\"https:\/\/www.llyrwind.com\/wp-content\/uploads\/2023\/09\/F4OR_LOGO_RGB-e1695152364376.jpg\" \/>\n\t<meta property=\"og:image:width\" content=\"1018\" \/>\n\t<meta property=\"og:image:height\" content=\"675\" \/>\n\t<meta property=\"og:image:type\" content=\"image\/jpeg\" \/>\n<meta name=\"twitter:card\" content=\"summary_large_image\" \/>\n<script type=\"application\/ld+json\" class=\"yoast-schema-graph\">{\"@context\":\"https:\/\/schema.org\",\"@graph\":[{\"@type\":\"WebPage\",\"@id\":\"https:\/\/www.llyrwind.com\/cy\/dweud-eich-dweud-2\",\"url\":\"https:\/\/www.llyrwind.com\/cy\/dweud-eich-dweud-2\",\"name\":\"Addas ar gyfer y M\u00f4r - Llyr\",\"isPartOf\":{\"@id\":\"https:\/\/www.llyrwind.com\/cy#website\"},\"datePublished\":\"2023-08-24T13:35:13+00:00\",\"dateModified\":\"2025-01-07T12:01:34+00:00\",\"description\":\"Mae Floventis yn partneru \u00e2 Catapult Ynni Adnewyddadwy Alltraeth (ORE) i helpu cwmn\u00efau lleol i wneud cais am waith yn y diwydiant gwynt alltraeth sy'n arnofio.\",\"inLanguage\":\"cy-GB\",\"potentialAction\":[{\"@type\":\"ReadAction\",\"target\":[\"https:\/\/www.llyrwind.com\/cy\/dweud-eich-dweud-2\"]}]},{\"@type\":\"WebSite\",\"@id\":\"https:\/\/www.llyrwind.com\/cy#website\",\"url\":\"https:\/\/www.llyrwind.com\/cy\",\"name\":\"Llyr\",\"description\":\"\",\"potentialAction\":[{\"@type\":\"SearchAction\",\"target\":{\"@type\":\"EntryPoint\",\"urlTemplate\":\"https:\/\/www.llyrwind.com\/cy?s={search_term_string}\"},\"query-input\":\"required name=search_term_string\"}],\"inLanguage\":\"cy-GB\"}]}<\/script>\n<!-- \/ Yoast SEO plugin. -->","yoast_head_json":{"title":"Addas ar gyfer y M\u00f4r - Llyr","description":"Mae Floventis yn partneru \u00e2 Catapult Ynni Adnewyddadwy Alltraeth (ORE) i helpu cwmn\u00efau lleol i wneud cais am waith yn y diwydiant gwynt alltraeth sy'n arnofio.","robots":{"index":"index","follow":"follow","max-snippet":"max-snippet:-1","max-image-preview":"max-image-preview:large","max-video-preview":"max-video-preview:-1"},"canonical":"https:\/\/www.llyrwind.com\/cy\/dweud-eich-dweud-2","og_locale":"cy_GB","og_type":"article","og_title":"Addas ar gyfer y M\u00f4r - Llyr","og_description":"Mae Floventis yn partneru \u00e2 Catapult Ynni Adnewyddadwy Alltraeth (ORE) i helpu cwmn\u00efau lleol i wneud cais am waith yn y diwydiant gwynt alltraeth sy'n arnofio.","og_url":"https:\/\/www.llyrwind.com\/cy\/dweud-eich-dweud-2","og_site_name":"Llyr","article_modified_time":"2025-01-07T12:01:34+00:00","og_image":[{"width":1018,"height":675,"url":"https:\/\/www.llyrwind.com\/wp-content\/uploads\/2023\/09\/F4OR_LOGO_RGB-e1695152364376.jpg","type":"image\/jpeg"}],"twitter_card":"summary_large_image","schema":{"@context":"https:\/\/schema.org","@graph":[{"@type":"WebPage","@id":"https:\/\/www.llyrwind.com\/cy\/dweud-eich-dweud-2","url":"https:\/\/www.llyrwind.com\/cy\/dweud-eich-dweud-2","name":"Addas ar gyfer y M\u00f4r - Llyr","isPartOf":{"@id":"https:\/\/www.llyrwind.com\/cy#website"},"datePublished":"2023-08-24T13:35:13+00:00","dateModified":"2025-01-07T12:01:34+00:00","description":"Mae Floventis yn partneru \u00e2 Catapult Ynni Adnewyddadwy Alltraeth (ORE) i helpu cwmn\u00efau lleol i wneud cais am waith yn y diwydiant gwynt alltraeth sy'n arnofio.","inLanguage":"cy-GB","potentialAction":[{"@type":"ReadAction","target":["https:\/\/www.llyrwind.com\/cy\/dweud-eich-dweud-2"]}]},{"@type":"WebSite","@id":"https:\/\/www.llyrwind.com\/cy#website","url":"https:\/\/www.llyrwind.com\/cy","name":"Llyr","description":"","potentialAction":[{"@type":"SearchAction","target":{"@type":"EntryPoint","urlTemplate":"https:\/\/www.llyrwind.com\/cy?s={search_term_string}"},"query-input":"required name=search_term_string"}],"inLanguage":"cy-GB"}]}},"_links":{"self":[{"href":"https:\/\/www.llyrwind.com\/cy\/wp-json\/wp\/v2\/pages\/3530"}],"collection":[{"href":"https:\/\/www.llyrwind.com\/cy\/wp-json\/wp\/v2\/pages"}],"about":[{"href":"https:\/\/www.llyrwind.com\/cy\/wp-json\/wp\/v2\/types\/page"}],"author":[{"embeddable":true,"href":"https:\/\/www.llyrwind.com\/cy\/wp-json\/wp\/v2\/users\/1"}],"replies":[{"embeddable":true,"href":"https:\/\/www.llyrwind.com\/cy\/wp-json\/wp\/v2\/comments?post=3530"}],"version-history":[{"count":35,"href":"https:\/\/www.llyrwind.com\/cy\/wp-json\/wp\/v2\/pages\/3530\/revisions"}],"predecessor-version":[{"id":5602,"href":"https:\/\/www.llyrwind.com\/cy\/wp-json\/wp\/v2\/pages\/3530\/revisions\/5602"}],"wp:featuredmedia":[{"embeddable":true,"href":"https:\/\/www.llyrwind.com\/cy\/wp-json\/wp\/v2\/media\/3608"}],"wp:attachment":[{"href":"https:\/\/www.llyrwind.com\/cy\/wp-json\/wp\/v2\/media?parent=3530"}],"curies":[{"name":"wp","href":"https:\/\/api.w.org\/{rel}","templated":true}]}}